{"id":4161,"date":"2021-01-07T00:42:42","date_gmt":"2021-01-06T23:42:42","guid":{"rendered":"https:\/\/flemingeskola.eus\/?page_id=4161"},"modified":"2024-03-18T08:38:15","modified_gmt":"2024-03-18T07:38:15","slug":"steam","status":"publish","type":"page","link":"https:\/\/flemingeskola.eus\/es\/steam\/","title":{"rendered":"Proyecto Steam"},"content":{"rendered":"<p>[et_pb_section fb_built=\u00bb1&#8243; _builder_version=\u00bb4.16&#8243; global_colors_info=\u00bb{}\u00bb][et_pb_row _builder_version=\u00bb4.16&#8243; background_size=\u00bbinitial\u00bb background_position=\u00bbtop_left\u00bb background_repeat=\u00bbrepeat\u00bb global_colors_info=\u00bb{}\u00bb][et_pb_column type=\u00bb4_4&#8243; _builder_version=\u00bb4.16&#8243; custom_padding=\u00bb|||\u00bb global_colors_info=\u00bb{}\u00bb custom_padding__hover=\u00bb|||\u00bb][et_pb_text _builder_version=\u00bb4.19.0&#8243; text_text_color=\u00bb#000000&#8243; global_colors_info=\u00bb{}\u00bb]<\/p>\n<p>En Fleming Herri Eskola estamos llevando a cabo el proyecto STEAM a trav\u00e9s de un <strong>PROYECTO INTERDISCILINAR<\/strong> (basado en la ense\u00f1anza de la ciencia y la perspectiva de g\u00e9nero) que integra ciencia, tecnolog\u00eda, ingenier\u00eda, arte y matem\u00e1ticas. En la escuela hemos creado el aula STEAM y los de 4\u00ba, 5\u00ba y 6\u00ba llevan a cabo este proyecto.<\/p>\n<p><u><strong>\u00bfEN QU\u00c9 CONSISTE?<\/strong><\/u><\/p>\n<p><strong>\u2013<\/strong> Participamos en el concurso \u201c<strong>First Lego League\u201d<\/strong>. En ella nos proponen un tema y en la escuela realizamos un proyecto que abarca todas las \u00e1reas antes mencionadas: idear el proyecto, crear robots con piezas de lego (rob\u00f3tica), programar misiones con el ordenador, y trabajar la presentaci\u00f3n del proyecto y llevarlo a cabo. (Organizadores de First Lego: Innobasque, Deusto + Mondragon Unibertsitatea, Fomento de San Sebasti\u00e1n).<\/p>\n<p><strong>&#8211;<\/strong> Participamos en el proyecto \u201c<strong>Inspira Steam\u201d<\/strong>, que organiza la Universidad de Deusto, un programa que busca fomentar la curiosidad y la vocaci\u00f3n por la ciencia entre las chicas.<\/p>\n<p><strong>&#8211;<\/strong> Tambi\u00e9n participamos en el concurso de \u201c<strong>Siemens Gamesa\u201d<\/strong>, presentando un proyecto relacionado con STEAM.<\/p>\n<p><strong><u>\u00bfDESDE C\u00daANDO ESTAMOS CON ESTE PROYECTO?<\/u><\/strong><\/p>\n<p>En Fleming Herri Eskola comenzamos a participar en estos proyectos en el curso 2019-20, tanto en el Programa First Lego League de 6-9 a\u00f1os, como en el Torneo First Lego League Challengue de 10-16 a\u00f1os, combinando proyectos STEAM \u2013 Rob\u00f3tica \u2013 First LEGO de nuestra escuela.<\/p>\n<p>Cada a\u00f1o seguimos con estas elaboraciones, que hemos incorporado al curr\u00edculum y hemos creado el aula STEAM en la escuela.<\/p>\n<p>[\/et_pb_text][\/et_pb_column][\/et_pb_row][et_pb_row _builder_version=\u00bb4.16&#8243; background_size=\u00bbinitial\u00bb background_position=\u00bbtop_left\u00bb background_repeat=\u00bbrepeat\u00bb global_colors_info=\u00bb{}\u00bb][et_pb_column type=\u00bb4_4&#8243; _builder_version=\u00bb4.16&#8243; custom_padding=\u00bb|||\u00bb global_colors_info=\u00bb{}\u00bb custom_padding__hover=\u00bb|||\u00bb][et_pb_text _builder_version=\u00bb4.16&#8243; text_text_color=\u00bb#000000&#8243; global_colors_info=\u00bb{}\u00bb]<\/p>\n<h2>\u00bfQU\u00c9 ES STEAM?<\/h2>\n<p>Las siglas STEAM identifican cinco disciplinas: ciencia (Science), Tecnolog\u00eda, Ingenier\u00eda (Engineering), Arte y Matem\u00e1ticas. <\/p>\n<p>\u00bfQu\u00e9 objetivo persigue la educaci\u00f3n STEAM?<\/p>\n<ul>\n<li>Despertar vocaciones cient\u00edfico-tecnol\u00f3gicas<\/li>\n<li>Mejora de las competencias STEAM del alumnado<\/li>\n<li>Fomentar la participaci\u00f3n activa del alumnado en el mundo que le rodea<\/li>\n<\/ul>\n<h2>\u00bfQU\u00c9 ES \u201cINSPIRA STEAM\u201d?<\/h2>\n<p>Dentro de este proyecto STEAM trabajamos tambi\u00e9n la secci\u00f3n STEAM INSPIRA, cuyo objetivo es acercar a las mujeres a la ciencia e impulsar entre las mujeres los estudios relacionados con la ciencia. A la escuela viene una mentora, matem\u00e1tica que trabaja en un equipo de investigaci\u00f3n de Deusto. Mientras la mentora se re\u00fane con las chicas, los chicos est\u00e1n con l@s tutores y tod@s trabajan temas como: la influencia de los estereotipos, las profesiones y los estudios, las mujeres a lo largo de la historia, los modelos de hoy en d\u00eda,\u2026 suele ser un proyecto de un mes, un trabajo muy interesante y necesario.[\/et_pb_text][\/et_pb_column][\/et_pb_row][et_pb_row column_structure=\u00bb1_2,1_2&#8243; _builder_version=\u00bb4.16&#8243; background_size=\u00bbinitial\u00bb background_position=\u00bbtop_left\u00bb background_repeat=\u00bbrepeat\u00bb global_colors_info=\u00bb{}\u00bb][et_pb_column type=\u00bb1_2&#8243; _builder_version=\u00bb4.16&#8243; custom_padding=\u00bb|||\u00bb global_colors_info=\u00bb{}\u00bb custom_padding__hover=\u00bb|||\u00bb][et_pb_text _builder_version=\u00bb4.16&#8243; text_text_color=\u00bb#000000&#8243; global_colors_info=\u00bb{}\u00bb]<\/p>\n<h2>\u00bfQU\u00c9 ES LA ROB\u00d3TICA?<\/h2>\n<p>p>La rob\u00f3tica es la ciencia y la tecnolog\u00eda de los robots. Se encarga del dise\u00f1o, aplicaciones y manufacturaci\u00f3n de robots. La rob\u00f3tica combina temas como mec\u00e1nica, electr\u00f3nica, inform\u00e1tica, inteligencia artificial e ingenier\u00eda de control. <\/p>\n<p>En Fleming Herri Eskola llevamos unos a\u00f1os trabajando la ROBOTICA, haciendo programaci\u00f3n y montajes. Nuestro objetivo es trabajar el desarrollo de las competencias en ciencia, matem\u00e1ticas, arte y nuevas tecnolog\u00edas para su posterior aplicaci\u00f3n en la vida real.<\/p>\n<p>[\/et_pb_text][\/et_pb_column][et_pb_column type=\u00bb1_2&#8243; _builder_version=\u00bb4.16&#8243; custom_padding=\u00bb|||\u00bb global_colors_info=\u00bb{}\u00bb custom_padding__hover=\u00bb|||\u00bb][et_pb_text _builder_version=\u00bb4.16&#8243; global_colors_info=\u00bb{}\u00bb]<\/p>\n<p><iframe loading=\"lazy\" src=\"https:\/\/www.youtube.com\/embed\/mVqSfPNnhnM\" allowfullscreen=\"allowfullscreen\" width=\"560\" height=\"315\" frameborder=\"0\"><\/iframe><\/p>\n<p>[\/et_pb_text][\/et_pb_column][\/et_pb_row][et_pb_row _builder_version=\u00bb4.16&#8243; background_size=\u00bbinitial\u00bb background_position=\u00bbtop_left\u00bb background_repeat=\u00bbrepeat\u00bb global_colors_info=\u00bb{}\u00bb][et_pb_column type=\u00bb4_4&#8243; _builder_version=\u00bb4.16&#8243; custom_padding=\u00bb|||\u00bb global_colors_info=\u00bb{}\u00bb custom_padding__hover=\u00bb|||\u00bb][et_pb_text _builder_version=\u00bb4.16&#8243; text_text_color=\u00bb#000000&#8243; global_colors_info=\u00bb{}\u00bb]<\/p>\n<h2>\u00bfQU\u00c9 ES FIRTS LEGO \u2013 LEAGUE (FLL)?<\/h2>\n<p>First Lego \u00ae League (FLL) es un programa que pretende animar a los ni\u00f1@s y j\u00f3venes a disfrutar y motivarse con la ciencia y la tecnolog\u00eda, con el compromiso educativo de fomentar los valores de la innovaci\u00f3n y la creatividad. FLL considera que la curiosidad natural y la creatividad de los m\u00e1s j\u00f3venes son necesarias para entender problemas complejos, visualizar oportunidades y desarrollar soluciones innovadoras. Se trata de un programa revolucionario que impulsa la investigaci\u00f3n y la experimentaci\u00f3n pr\u00e1ctica y que anima a los j\u00f3venes a resolver problemas reales, retos a los que se enfrenta el mundo.<\/p>\n<p><a href=\"https:\/\/flemingeskola.eus\/es\/first-lego-league-2021\/img_20210508_102056\/\"><img loading=\"lazy\" decoding=\"async\" class=\"wp-image-4523 aligncenter size-large\" src=\"https:\/\/flemingeskola.eus\/wp-content\/uploads\/2021\/06\/IMG_20210508_102056-1024x512.jpg\" alt=\"\" width=\"1024\" height=\"512\" srcset=\"https:\/\/flemingeskola.eus\/wp-content\/uploads\/2021\/06\/IMG_20210508_102056-1024x512.jpg 1024w, https:\/\/flemingeskola.eus\/wp-content\/uploads\/2021\/06\/IMG_20210508_102056-300x150.jpg 300w, https:\/\/flemingeskola.eus\/wp-content\/uploads\/2021\/06\/IMG_20210508_102056-768x384.jpg 768w, https:\/\/flemingeskola.eus\/wp-content\/uploads\/2021\/06\/IMG_20210508_102056-1536x768.jpg 1536w, https:\/\/flemingeskola.eus\/wp-content\/uploads\/2021\/06\/IMG_20210508_102056-2048x1024.jpg 2048w, https:\/\/flemingeskola.eus\/wp-content\/uploads\/2021\/06\/IMG_20210508_102056-1080x540.jpg 1080w, https:\/\/flemingeskola.eus\/wp-content\/uploads\/2021\/06\/IMG_20210508_102056-1280x640.jpg 1280w\" sizes=\"(max-width: 1024px) 100vw, 1024px\" \/><\/a><\/p>\n<p>En Fleming Herri Eskola comenzamos a participar en este programa en el curso 2019-20, tanto en el First Lego League Explore de 6-9 a\u00f1os, como en el Torneo First Lego League Challengue de 10-16 a\u00f1os, combinando proyectos STEAM \u2013 Rob\u00f3tica \u2013 First LEGO de nuestra escuela. Cada a\u00f1o seguimos con este trabajo, incorpor\u00e1ndolo al curr\u00edculum y creando el aula STEAM en la escuela.<\/p>\n<p>[\/et_pb_text][\/et_pb_column][\/et_pb_row][et_pb_row _builder_version=\u00bb4.19.0&#8243; _module_preset=\u00bbdefault\u00bb module_alignment=\u00bbcenter\u00bb locked=\u00bboff\u00bb global_colors_info=\u00bb{}\u00bb][et_pb_column type=\u00bb4_4&#8243; _builder_version=\u00bb4.16&#8243; _module_preset=\u00bbdefault\u00bb global_colors_info=\u00bb{}\u00bb][et_pb_button button_url=\u00bbhttps:\/\/flemingeskola.eus\/es\/first-lego-2024\/\u00bb button_text=\u00bbCurso 2023-2024&#8243; button_alignment=\u00bbcenter\u00bb _builder_version=\u00bb4.19.0&#8243; _module_preset=\u00bbdefault\u00bb custom_button=\u00bbon\u00bb button_text_color=\u00bb#FFFFFF\u00bb button_bg_color=\u00bb#029dbc\u00bb button_border_width=\u00bb0px\u00bb hover_enabled=\u00bb0&#8243; global_colors_info=\u00bb{}\u00bb sticky_enabled=\u00bb0&#8243;][\/et_pb_button][\/et_pb_column][\/et_pb_row][et_pb_row column_structure=\u00bb1_2,1_2&#8243; _builder_version=\u00bb4.19.0&#8243; _module_preset=\u00bbdefault\u00bb module_alignment=\u00bbcenter\u00bb locked=\u00bboff\u00bb global_colors_info=\u00bb{}\u00bb][et_pb_column type=\u00bb1_2&#8243; _builder_version=\u00bb4.16&#8243; _module_preset=\u00bbdefault\u00bb global_colors_info=\u00bb{}\u00bb][et_pb_button button_url=\u00bbhttps:\/\/flemingeskola.eus\/es\/first-lego-league-2023\/\u00bb button_text=\u00bbCurso 2022-2023&#8243; button_alignment=\u00bbcenter\u00bb _builder_version=\u00bb4.19.0&#8243; _module_preset=\u00bbdefault\u00bb custom_button=\u00bbon\u00bb button_text_color=\u00bb#FFFFFF\u00bb button_bg_color=\u00bb#029dbc\u00bb button_border_width=\u00bb0px\u00bb global_colors_info=\u00bb{}\u00bb][\/et_pb_button][\/et_pb_column][et_pb_column type=\u00bb1_2&#8243; _builder_version=\u00bb4.16&#8243; _module_preset=\u00bbdefault\u00bb global_colors_info=\u00bb{}\u00bb][et_pb_button button_url=\u00bbhttps:\/\/flemingeskola.eus\/es\/first-lego-lehiaketa-2021-22\/\u00bb button_text=\u00bbCurso 2021-2022&#8243; button_alignment=\u00bbcenter\u00bb _builder_version=\u00bb4.19.0&#8243; _module_preset=\u00bbdefault\u00bb custom_button=\u00bbon\u00bb button_text_color=\u00bb#FFFFFF\u00bb button_bg_color=\u00bb#029dbc\u00bb button_border_width=\u00bb0px\u00bb global_colors_info=\u00bb{}\u00bb][\/et_pb_button][\/et_pb_column][\/et_pb_row][et_pb_row column_structure=\u00bb1_2,1_2&#8243; _builder_version=\u00bb4.19.0&#8243; _module_preset=\u00bbdefault\u00bb module_alignment=\u00bbcenter\u00bb locked=\u00bboff\u00bb global_colors_info=\u00bb{}\u00bb][et_pb_column type=\u00bb1_2&#8243; _builder_version=\u00bb4.16&#8243; _module_preset=\u00bbdefault\u00bb global_colors_info=\u00bb{}\u00bb][et_pb_button button_url=\u00bbhttps:\/\/flemingeskola.eus\/es\/first-lego-league-2021\/\u00bb button_text=\u00bbCurso 2020-2021&#8243; button_alignment=\u00bbcenter\u00bb _builder_version=\u00bb4.19.0&#8243; _module_preset=\u00bbdefault\u00bb custom_button=\u00bbon\u00bb button_text_color=\u00bb#FFFFFF\u00bb button_bg_color=\u00bb#029dbc\u00bb button_border_width=\u00bb0px\u00bb global_colors_info=\u00bb{}\u00bb][\/et_pb_button][\/et_pb_column][et_pb_column type=\u00bb1_2&#8243; _builder_version=\u00bb4.16&#8243; _module_preset=\u00bbdefault\u00bb global_colors_info=\u00bb{}\u00bb][et_pb_button button_url=\u00bbhttps:\/\/flemingeskola.eus\/es\/first-lego-league-2020\/\u00bb button_text=\u00bbCurso 2019-2020&#8243; button_alignment=\u00bbcenter\u00bb _builder_version=\u00bb4.19.0&#8243; _module_preset=\u00bbdefault\u00bb custom_button=\u00bbon\u00bb button_text_color=\u00bb#FFFFFF\u00bb button_bg_color=\u00bb#029dbc\u00bb button_border_width=\u00bb0px\u00bb global_colors_info=\u00bb{}\u00bb][\/et_pb_button][\/et_pb_column][\/et_pb_row][\/et_pb_section]<\/p>\n","protected":false},"excerpt":{"rendered":"<p>En Fleming Herri Eskola estamos llevando a cabo el proyecto STEAM a trav\u00e9s de un PROYECTO INTERDISCILINAR (basado en la ense\u00f1anza de la ciencia y la perspectiva de g\u00e9nero) que integra ciencia, tecnolog\u00eda, ingenier\u00eda, arte y matem\u00e1ticas. En la escuela hemos creado el aula STEAM y los de 4\u00ba, 5\u00ba y 6\u00ba llevan a cabo [&hellip;]<\/p>\n","protected":false},"author":1,"featured_media":0,"parent":0,"menu_order":0,"comment_status":"closed","ping_status":"closed","template":"","meta":{"_et_pb_use_builder":"on","_et_pb_old_content":"","_et_gb_content_width":"","footnotes":""},"class_list":["post-4161","page","type-page","status-publish","hentry"],"_links":{"self":[{"href":"https:\/\/flemingeskola.eus\/es\/wp-json\/wp\/v2\/pages\/4161","targetHints":{"allow":["GET"]}}],"collection":[{"href":"https:\/\/flemingeskola.eus\/es\/wp-json\/wp\/v2\/pages"}],"about":[{"href":"https:\/\/flemingeskola.eus\/es\/wp-json\/wp\/v2\/types\/page"}],"author":[{"embeddable":true,"href":"https:\/\/flemingeskola.eus\/es\/wp-json\/wp\/v2\/users\/1"}],"replies":[{"embeddable":true,"href":"https:\/\/flemingeskola.eus\/es\/wp-json\/wp\/v2\/comments?post=4161"}],"version-history":[{"count":25,"href":"https:\/\/flemingeskola.eus\/es\/wp-json\/wp\/v2\/pages\/4161\/revisions"}],"predecessor-version":[{"id":6610,"href":"https:\/\/flemingeskola.eus\/es\/wp-json\/wp\/v2\/pages\/4161\/revisions\/6610"}],"wp:attachment":[{"href":"https:\/\/flemingeskola.eus\/es\/wp-json\/wp\/v2\/media?parent=4161"}],"curies":[{"name":"wp","href":"https:\/\/api.w.org\/{rel}","templated":true}]}}