{"id":2817,"date":"2019-01-31T16:11:39","date_gmt":"2019-01-31T15:11:39","guid":{"rendered":"https:\/\/flemingeskola.eus\/?page_id=2817"},"modified":"2021-11-18T13:19:20","modified_gmt":"2021-11-18T12:19:20","slug":"politica-de-cookies","status":"publish","type":"page","link":"https:\/\/flemingeskola.eus\/es\/politica-de-cookies\/","title":{"rendered":"Pol\u00edtica de cookies"},"content":{"rendered":"<h2 class=\"western\"><span style=\"font-family: Calibri, sans-serif;\">\u00bfQu\u00e9 son las cookies?<\/span><\/h2>\n<p><span style=\"font-family: Calibri, sans-serif;\">Una cookie es un fichero que se descarga en su equipo al acceder a determinadas p\u00e1ginas web. Las cookies tienen un papel esencial para la prestaci\u00f3n de numerosos servicios de la sociedad de la informaci\u00f3n. Entre otros, permiten a una p\u00e1gina web almacenar y recuperar informaci\u00f3n sobre los h\u00e1bitos de navegaci\u00f3n de un usuario o de su equipo y, dependiendo de la informaci\u00f3n obtenida, se pueden utilizar para reconocer al usuario y mejorar el servicio ofrecido.<\/span><\/p>\n<h2 class=\"western\"><span style=\"font-family: Calibri, sans-serif;\">Tipos de cookies<\/span><\/h2>\n<p><span style=\"font-family: Calibri, sans-serif;\">Seg\u00fan quien sea la entidad que gestione el dominio desde donde se env\u00edan las cookies y trate los datos que se obtengan se pueden distinguir dos tipos: cookies propias y cookies de terceros.<br \/>\nExiste tambi\u00e9n una segunda clasificaci\u00f3n seg\u00fan el plazo de tiempo que permanecen almacenadas en el navegador del cliente, pudiendo tratarse de cookies de sesi\u00f3n o cookies persistentes.<br \/>\nPor \u00faltimo, existe otra clasificaci\u00f3n con cinco tipos de cookies seg\u00fan la finalidad para la que se traten los datos obtenidos: cookies t\u00e9cnicas, cookies de personalizaci\u00f3n, cookies de an\u00e1lisis, cookies publicitarias y cookies de publicidad comportamental.<br \/>\n<\/span><\/p>\n<h2 class=\"western\"><span style=\"font-family: Calibri, sans-serif;\">Cookies utilizadas por flemingeskola.eus<\/span><\/h2>\n<p>[cookie_audit_category style=\u00bbwinter\u00bb columns=\u00bbcookie,duration,description\u00bb]<\/p>\n<h2 class=\"western\"><span style=\"font-family: Calibri, sans-serif;\">Aceptaci\u00f3n de la Pol\u00edtica de cookies<\/span><\/h2>\n<p>Aqu\u00ed, puede configurar o cambiar la aceptaci\u00f3n de las cookies:<\/p>\n<p>[cookie_settings][cookie_button][cookie_reject]<\/p>\n<h2 class=\"western\"><span style=\"font-family: Calibri, sans-serif;\">C\u00f3mo eliminar y\/o modificar la configuraci\u00f3n de las cookies<\/span><\/h2>\n<p><span style=\"font-family: Calibri, sans-serif;\">El usuario puede libremente decidir acerca de la implantaci\u00f3n o no en su dispositivo de las cookies empleadas por flemingeskola.eus. En este sentido, el usuario puede configurar su navegador para aceptar o rechazar por defecto todas las cookies o para recibir un aviso en pantalla de la recepci\u00f3n de cada cookie y decidir en ese momento su implantaci\u00f3n o no en su dispositivo. En cualquier momento, el Usuario podr\u00e1 eliminar las cookies de flemingeskola.eus implantadas en su dispositivo, siguiendo el procedimiento establecido de su navegador.<\/span><\/p>\n<p><span style=\"font-family: Calibri, sans-serif;\">En cada navegador la operativa es diferente, la funci\u00f3n de &#8216;Ayuda\u00bb de su navegador le mostrar\u00e1<\/span><\/p>\n","protected":false},"excerpt":{"rendered":"<p>\u00bfQu\u00e9 son las cookies? Una cookie es un fichero que se descarga en su equipo al acceder a determinadas p\u00e1ginas web. Las cookies tienen un papel esencial para la prestaci\u00f3n de numerosos servicios de la sociedad de la informaci\u00f3n. Entre otros, permiten a una p\u00e1gina web almacenar y recuperar informaci\u00f3n sobre los h\u00e1bitos de navegaci\u00f3n [&hellip;]<\/p>\n","protected":false},"author":1,"featured_media":0,"parent":0,"menu_order":0,"comment_status":"closed","ping_status":"closed","template":"","meta":{"_et_pb_use_builder":"off","_et_pb_old_content":"","_et_gb_content_width":"","footnotes":""},"class_list":["post-2817","page","type-page","status-publish","hentry"],"_links":{"self":[{"href":"https:\/\/flemingeskola.eus\/es\/wp-json\/wp\/v2\/pages\/2817","targetHints":{"allow":["GET"]}}],"collection":[{"href":"https:\/\/flemingeskola.eus\/es\/wp-json\/wp\/v2\/pages"}],"about":[{"href":"https:\/\/flemingeskola.eus\/es\/wp-json\/wp\/v2\/types\/page"}],"author":[{"embeddable":true,"href":"https:\/\/flemingeskola.eus\/es\/wp-json\/wp\/v2\/users\/1"}],"replies":[{"embeddable":true,"href":"https:\/\/flemingeskola.eus\/es\/wp-json\/wp\/v2\/comments?post=2817"}],"version-history":[{"count":2,"href":"https:\/\/flemingeskola.eus\/es\/wp-json\/wp\/v2\/pages\/2817\/revisions"}],"predecessor-version":[{"id":4804,"href":"https:\/\/flemingeskola.eus\/es\/wp-json\/wp\/v2\/pages\/2817\/revisions\/4804"}],"wp:attachment":[{"href":"https:\/\/flemingeskola.eus\/es\/wp-json\/wp\/v2\/media?parent=2817"}],"curies":[{"name":"wp","href":"https:\/\/api.w.org\/{rel}","templated":true}]}}