{"id":2582,"date":"2019-01-04T11:10:20","date_gmt":"2019-01-04T10:10:20","guid":{"rendered":"https:\/\/flemingeskola.eus\/?page_id=2582"},"modified":"2019-01-04T11:15:14","modified_gmt":"2019-01-04T10:15:14","slug":"escuela-innovadora","status":"publish","type":"page","link":"https:\/\/flemingeskola.eus\/es\/escuela-innovadora\/","title":{"rendered":"Escuela Innovadora"},"content":{"rendered":"<p>[et_pb_section bb_built=\u00bb1&#8243;][et_pb_row][et_pb_column type=\u00bb4_4&#8243;][et_pb_testimonial _builder_version=\u00bb3.0.84&#8243; url_new_window=\u00bboff\u00bb quote_icon=\u00bbon\u00bb use_background_color=\u00bbon\u00bb background_layout=\u00bblight\u00bb text_orientation=\u00bbcenter\u00bb body_text_color=\u00bb#db0080&#8243; quote_icon_background_color=\u00bb#f5f5f5&#8243; body_font_size=\u00bb18&#8243;]<\/p>\n<p><em>La reflexi\u00f3n continua es el camino<\/em><\/p>\n<p>[\/et_pb_testimonial][\/et_pb_column][\/et_pb_row][et_pb_row][et_pb_column type=\u00bb1_2&#8243;][et_pb_text _builder_version=\u00bb3.0.84&#8243; background_layout=\u00bblight\u00bb]<\/p>\n<p style=\"text-align: justify;\">A medida que la sociedad cambia, la escuela debe de cambiar y adecuarse\u00a0 a esta nueva situaci\u00f3n. Por ello, estamos en continua formaci\u00f3n y reflexi\u00f3n sobre nuestra pr\u00e1ctica diaria en el proceso de ense\u00f1anza aprendizaje, y, en consecuencia, en continua y profunda revisi\u00f3n de nuestra METODOLOGIA.<\/p>\n<p style=\"text-align: justify;\">LLevamos tiempo <strong>form\u00e1ndonos mediante cursos<\/strong> y <strong>visitas pedag\u00f3gicas<\/strong> a escuelas de metodolog\u00eda innovadoras (Euskadi, Navarra, Catalu\u00f1a \u201cEl Martinet\u201d,\u2026) y vamos conociendo diferentes tipos de modelos pedag\u00f3gicos: Montessori, Reggio Emilia, Neurociencia, ense\u00f1anza por ambientes,\u2026<\/p>\n<p style=\"text-align: justify;\">Existen muchos modelos pedag\u00f3gicos diferentes pero no nos basamos en una sola metodolog\u00eda, sino que vamos conoci\u00e9ndolas y adecuando de cada una de ellas lo que nos parece adecuado e interesante para nuestra realidad, asi vamos recorriendo nuestro propio camino y construyendo nuestro propio modelo pedag\u00f3gico.<\/p>\n<p>[\/et_pb_text][\/et_pb_column][et_pb_column type=\u00bb1_2&#8243;][et_pb_image _builder_version=\u00bb3.0.84&#8243; src=\u00bbhttps:\/\/flemingeskola.eus\/wp-content\/uploads\/2019\/01\/El-Martinet.jpg\u00bb show_in_lightbox=\u00bboff\u00bb url_new_window=\u00bboff\u00bb use_overlay=\u00bboff\u00bb always_center_on_mobile=\u00bbon\u00bb use_border_color=\u00bbon\u00bb border_color=\u00bb#029dbc\u00bb force_fullwidth=\u00bboff\u00bb show_bottom_space=\u00bbon\u00bb \/][\/et_pb_column][\/et_pb_row][et_pb_row][et_pb_column type=\u00bb4_4&#8243;][et_pb_text _builder_version=\u00bb3.0.84&#8243; background_layout=\u00bblight\u00bb text_font_size=\u00bb18px\u00bb text_text_color=\u00bb#db0080&#8243;]<\/p>\n<p style=\"text-align: center;\"><em>Porque somos una escuela viva y despierta, seguiremos nuestro camino en la reflexi\u00f3n  y la formaci\u00f3n continua de nuestra propuesta metodol\u00f3gica.<\/em><\/p>\n<p>[\/et_pb_text][\/et_pb_column][\/et_pb_row][\/et_pb_section]<\/p>\n","protected":false},"excerpt":{"rendered":"<div class=\"et_pb_row et_pb_row_0 et_pb_row_empty\"><\/div>\n<p> La reflexi\u00f3n continua es el camino <\/p>\n<div class=\"et_pb_row et_pb_row_1 et_pb_row_empty\"><\/div>\n<p> A medida que la sociedad cambia, la escuela debe de cambiar y adecuarse\u00a0 a esta nueva situaci\u00f3n. Por ello, estamos en continua formaci\u00f3n y reflexi\u00f3n sobre nuestra pr\u00e1ctica diaria en el proceso de ense\u00f1anza aprendizaje, y, en consecuencia, en continua y profunda revisi\u00f3n de nuestra METODOLOGIA. LLevamos [&hellip;]<\/p>\n","protected":false},"author":1,"featured_media":0,"parent":0,"menu_order":0,"comment_status":"closed","ping_status":"closed","template":"","meta":{"_et_pb_use_builder":"on","_et_pb_old_content":"","_et_gb_content_width":"","footnotes":""},"class_list":["post-2582","page","type-page","status-publish","hentry"],"_links":{"self":[{"href":"https:\/\/flemingeskola.eus\/es\/wp-json\/wp\/v2\/pages\/2582","targetHints":{"allow":["GET"]}}],"collection":[{"href":"https:\/\/flemingeskola.eus\/es\/wp-json\/wp\/v2\/pages"}],"about":[{"href":"https:\/\/flemingeskola.eus\/es\/wp-json\/wp\/v2\/types\/page"}],"author":[{"embeddable":true,"href":"https:\/\/flemingeskola.eus\/es\/wp-json\/wp\/v2\/users\/1"}],"replies":[{"embeddable":true,"href":"https:\/\/flemingeskola.eus\/es\/wp-json\/wp\/v2\/comments?post=2582"}],"version-history":[{"count":3,"href":"https:\/\/flemingeskola.eus\/es\/wp-json\/wp\/v2\/pages\/2582\/revisions"}],"predecessor-version":[{"id":2589,"href":"https:\/\/flemingeskola.eus\/es\/wp-json\/wp\/v2\/pages\/2582\/revisions\/2589"}],"wp:attachment":[{"href":"https:\/\/flemingeskola.eus\/es\/wp-json\/wp\/v2\/media?parent=2582"}],"curies":[{"name":"wp","href":"https:\/\/api.w.org\/{rel}","templated":true}]}}