{"id":1757,"date":"2018-04-04T14:21:26","date_gmt":"2018-04-04T12:21:26","guid":{"rendered":"https:\/\/flemingeskola.eus\/?page_id=1757"},"modified":"2021-12-02T10:22:29","modified_gmt":"2021-12-02T09:22:29","slug":"asociacion-de-padres","status":"publish","type":"page","link":"https:\/\/flemingeskola.eus\/es\/asociacion-de-padres\/","title":{"rendered":"Asociaci\u00f3n de padres"},"content":{"rendered":"<p>[et_pb_section fb_built=\u00bb1&#8243; _builder_version=\u00bb3.22&#8243; global_colors_info=\u00bb{}\u00bb][et_pb_row _builder_version=\u00bb3.25&#8243; background_size=\u00bbinitial\u00bb background_position=\u00bbtop_left\u00bb background_repeat=\u00bbrepeat\u00bb global_colors_info=\u00bb{}\u00bb][et_pb_column type=\u00bb4_4&#8243; _builder_version=\u00bb3.25&#8243; custom_padding=\u00bb|||\u00bb global_colors_info=\u00bb{}\u00bb custom_padding__hover=\u00bb|||\u00bb][et_pb_testimonial _builder_version=\u00bb4.13.1&#8243; body_font=\u00bb||on||||||\u00bb body_text_align=\u00bbcenter\u00bb body_text_color=\u00bb#db0080&#8243; body_font_size=\u00bb18&#8243; text_orientation=\u00bbcenter\u00bb global_colors_info=\u00bb{}\u00bb]<\/p>\n<p>\n\u201cUna escuela m\u00e1s enriquecedora con la colaboraci\u00f3n de tod@s\u201d<\/p>\n<p>[\/et_pb_testimonial][et_pb_image src=\u00bbhttps:\/\/flemingeskola.eus\/wp-content\/uploads\/2020\/01\/guraso-elkartea.jpg\u00bb show_in_lightbox=\u00bbon\u00bb align_tablet=\u00bbcenter\u00bb align_phone=\u00bbcenter\u00bb align_last_edited=\u00bbon|desktop\u00bb _builder_version=\u00bb3.23&#8243; border_color_all=\u00bb#029dbc\u00bb use_border_color=\u00bbon\u00bb global_colors_info=\u00bb{}\u00bb][\/et_pb_image][\/et_pb_column][\/et_pb_row][et_pb_row column_structure=\u00bb1_3,2_3&#8243; _builder_version=\u00bb3.25&#8243; background_size=\u00bbinitial\u00bb background_position=\u00bbtop_left\u00bb background_repeat=\u00bbrepeat\u00bb global_colors_info=\u00bb{}\u00bb][et_pb_column type=\u00bb1_3&#8243; _builder_version=\u00bb3.25&#8243; custom_padding=\u00bb|||\u00bb global_colors_info=\u00bb{}\u00bb custom_padding__hover=\u00bb|||\u00bb][et_pb_image src=\u00bbhttps:\/\/flemingeskola.eus\/wp-content\/uploads\/2017\/12\/22780326_1495398040576069_7169262107250376768_n.jpg\u00bb align_tablet=\u00bbcenter\u00bb align_phone=\u00bbcenter\u00bb align_last_edited=\u00bbon|desktop\u00bb _builder_version=\u00bb3.23&#8243; border_width_all=\u00bb0px\u00bb border_color_all=\u00bb#029dbc\u00bb border_style_all=\u00bbsolid\u00bb use_border_color=\u00bbon\u00bb border_color=\u00bb#029dbc\u00bb always_center_on_mobile=\u00bbon\u00bb global_colors_info=\u00bb{}\u00bb][\/et_pb_image][\/et_pb_column][et_pb_column type=\u00bb2_3&#8243; _builder_version=\u00bb3.25&#8243; custom_padding=\u00bb|||\u00bb global_colors_info=\u00bb{}\u00bb custom_padding__hover=\u00bb|||\u00bb][et_pb_text _builder_version=\u00bb3.27.4&#8243; text_text_color=\u00bb#009cde\u00bb text_font_size=\u00bb18px\u00bb global_colors_info=\u00bb{}\u00bb]<\/p>\n<p style=\"text-align: justify;\">Los padres y madres de todos l@s alumn@s de la escuela somos parte de la asociaci\u00f3n. El principal objetivo es tomar parte en la vida escolar. Ayudamos y colaboramos en la medida de nuestras posibilidades con el fin de que la escolarizaci\u00f3n y educaci\u00f3n de nuestros hijos e hijas sean lo mejor posible.<\/p>\n<p>[\/et_pb_text][\/et_pb_column][\/et_pb_row][et_pb_row _builder_version=\u00bb3.25&#8243; background_size=\u00bbinitial\u00bb background_position=\u00bbtop_left\u00bb background_repeat=\u00bbrepeat\u00bb global_colors_info=\u00bb{}\u00bb][et_pb_column type=\u00bb4_4&#8243; _builder_version=\u00bb3.25&#8243; custom_padding=\u00bb|||\u00bb global_colors_info=\u00bb{}\u00bb custom_padding__hover=\u00bb|||\u00bb][et_pb_text _builder_version=\u00bb3.27.4&#8243; header_3_font=\u00bb|700|||||||\u00bb header_3_text_color=\u00bb#db0080&#8243; global_colors_info=\u00bb{}\u00bb]<\/p>\n<h3><strong>Nuestros objetivo<\/strong><\/h3>\n<ul>\n<li>Promover la convivencia entre escuela, familias ni\u00f1os y ni\u00f1as.<\/li>\n<li>Ampliar la colaboraci\u00f3n de las familias en las programaciones y actividades escolares.<\/li>\n<li>Mejorar el proyecto educativo y el funcionamiento de la escuela a trav\u00e9s de la proyecci\u00f3n de las opiniones y decisiones de las familias tanto en los \u00f3rganos escolares (Direcci\u00f3n, convivencia, consejo escolar, etc.) como en las decisiones escolares.<\/li>\n<li>Organizar formaciones para las familias y actividades educativas para los ni\u00f1os y ni\u00f1as.<\/li>\n<li>Reforzar el uso del euskara tanto dentro de la asociaci\u00f3n como en las actividades realizadas hacia el exterior.<\/li>\n<\/ul>\n<h3><strong>Qu\u00e9 organizamos<\/strong><\/h3>\n<ul>\n<li>Participar en los \u00f3rganos escolares.<\/li>\n<li>Organizar el servicio de Haurtxoko.<\/li>\n<li>Actividades extraescolares: Expresi\u00f3n corporal, Ludoteca de ingl\u00e9s, Teatro, Funky, Rob\u00f3tica, Aloha\u2026<\/li>\n<li>Celebraciones que se realizan en el pueblo: Santo Tom\u00e1s, Ronda de Navidad, Semana cultural, Tamborrada, Conferencias, Fiesta de fin de curso\u2026<\/li>\n<li>Compartir informaci\u00f3n sobre la escuela y sobre educaci\u00f3n: (Avisos, Facebook)<\/li>\n<li>Escuela de padres: Cursillos de euskara, sesiones de formaci\u00f3n.<\/li>\n<\/ul>\n<h3><strong>Colabora<\/strong><\/h3>\n<p><strong>\u00bfQuieres colaborar como voluntario para poder llevar todo lo anterior a cabo? \u00bfEst\u00e1s dispuesto a ayudar en cualquier otra actividad? \u00a1Ser\u00e9is muy bienvenidos!<\/strong><\/p>\n<ul>\n<li>H\u00e1zselo saber a un profesor o profesora o a cualquier miembro de la asociaci\u00f3n.<\/li>\n<li>O deja tu nombre en el buz\u00f3n de comunicaci\u00f3n que est\u00e1 en la entrada de la escuela de Arroa. Puedes dejar all\u00ed tambi\u00e9n cualquier sugerencia, duda, idea, etc\u2026<\/li>\n<\/ul>\n<p>[\/et_pb_text][et_pb_text _builder_version=\u00bb4.13.1&#8243; _module_preset=\u00bbdefault\u00bb hover_enabled=\u00bb0&#8243; global_colors_info=\u00bb{}\u00bb sticky_enabled=\u00bb0&#8243;]<\/p>\n<h3><strong>PROYECTOS REALIZADOS:<\/strong><\/h3>\n<p><strong>PROYECTO \u201cBERDEAN MUGITZEN GARA!\u201d <\/strong><\/p>\n<ul>\n<li><a href=\"https:\/\/www.flickr.com\/photos\/159542445@N04\/albums\/72157707205563275\" target=\"_blank\" rel=\"noopener\">Ver fotos<\/a><\/li>\n<\/ul>\n<p><strong>HERRIKO TABERNA:<\/strong><\/p>\n<ul>\n<li><a href=\"https:\/\/www.flickr.com\/photos\/159542445@N04\/albums\/72157710701282408\" target=\"_blank\" rel=\"noopener\">Ver fotos I<\/a><\/li>\n<li><a href=\"https:\/\/www.flickr.com\/photos\/159542445@N04\/albums\/72157699058047924\" target=\"_blank\" rel=\"noopener\">Ver fotos II<\/a><\/li>\n<\/ul>\n<p><strong>FIESTAS DE LA DIVERSIDAD:<\/strong><\/p>\n<ul>\n<li><a href=\"https:\/\/www.flickr.com\/photos\/159542445@N04\/albums\/72157695035418831\" target=\"_blank\" rel=\"noopener\">Ver fotos I<\/a><\/li>\n<li><a href=\"https:\/\/www.flickr.com\/photos\/159542445@N04\/albums\/72157711547416637\" target=\"_blank\" rel=\"noopener\">Ver fotos II<\/a><\/li>\n<\/ul>\n<p>[\/et_pb_text][\/et_pb_column][\/et_pb_row][\/et_pb_section]<\/p>\n","protected":false},"excerpt":{"rendered":"<p>\u201cUna escuela m\u00e1s enriquecedora con la colaboraci\u00f3n de tod@s\u201dLos padres y madres de todos l@s alumn@s de la escuela somos parte de la asociaci\u00f3n. El principal objetivo es tomar parte en la vida escolar. Ayudamos y colaboramos en la medida de nuestras posibilidades con el fin de que la escolarizaci\u00f3n y educaci\u00f3n de nuestros hijos [&hellip;]<\/p>\n","protected":false},"author":1,"featured_media":0,"parent":0,"menu_order":0,"comment_status":"closed","ping_status":"closed","template":"","meta":{"_et_pb_use_builder":"on","_et_pb_old_content":"","_et_gb_content_width":"","footnotes":""},"class_list":["post-1757","page","type-page","status-publish","hentry"],"_links":{"self":[{"href":"https:\/\/flemingeskola.eus\/es\/wp-json\/wp\/v2\/pages\/1757","targetHints":{"allow":["GET"]}}],"collection":[{"href":"https:\/\/flemingeskola.eus\/es\/wp-json\/wp\/v2\/pages"}],"about":[{"href":"https:\/\/flemingeskola.eus\/es\/wp-json\/wp\/v2\/types\/page"}],"author":[{"embeddable":true,"href":"https:\/\/flemingeskola.eus\/es\/wp-json\/wp\/v2\/users\/1"}],"replies":[{"embeddable":true,"href":"https:\/\/flemingeskola.eus\/es\/wp-json\/wp\/v2\/comments?post=1757"}],"version-history":[{"count":6,"href":"https:\/\/flemingeskola.eus\/es\/wp-json\/wp\/v2\/pages\/1757\/revisions"}],"predecessor-version":[{"id":4972,"href":"https:\/\/flemingeskola.eus\/es\/wp-json\/wp\/v2\/pages\/1757\/revisions\/4972"}],"wp:attachment":[{"href":"https:\/\/flemingeskola.eus\/es\/wp-json\/wp\/v2\/media?parent=1757"}],"curies":[{"name":"wp","href":"https:\/\/api.w.org\/{rel}","templated":true}]}}