{"id":1753,"date":"2018-04-04T14:12:58","date_gmt":"2018-04-04T12:12:58","guid":{"rendered":"https:\/\/flemingeskola.eus\/?page_id=1753"},"modified":"2021-11-18T10:07:13","modified_gmt":"2021-11-18T09:07:13","slug":"deporte-escolar","status":"publish","type":"page","link":"https:\/\/flemingeskola.eus\/es\/deporte-escolar\/","title":{"rendered":"Deporte escolar"},"content":{"rendered":"<p>[et_pb_section fb_built=\u00bb1&#8243; _builder_version=\u00bb3.22&#8243;][et_pb_row _builder_version=\u00bb3.25&#8243; background_size=\u00bbinitial\u00bb background_position=\u00bbtop_left\u00bb background_repeat=\u00bbrepeat\u00bb][et_pb_column type=\u00bb4_4&#8243; _builder_version=\u00bb3.25&#8243; custom_padding=\u00bb|||\u00bb custom_padding__hover=\u00bb|||\u00bb][et_pb_testimonial _builder_version=\u00bb3.2&#8243; body_font=\u00bb||on||||||\u00bb body_text_color=\u00bb#db0080&#8243; body_font_size=\u00bb18&#8243; text_orientation=\u00bbcenter\u00bb]\u201cEl deporte al alcance de todos\/as\u201d<br \/>\n[\/et_pb_testimonial][et_pb_text _builder_version=\u00bb3.27.4&#8243; text_text_color=\u00bb#00abf0&#8243; text_font_size=\u00bb18px\u00bb text_orientation=\u00bbcenter\u00bb module_alignment=\u00bbcenter\u00bb]El deporte escolar es un programa que, vali\u00e9ndose de la actividad f\u00edsica, busca favorecer la educaci\u00f3n integradora entre el alumnado, desarrollando su identidad de una manera armonizada y tratando de asegurar que en el futuro \u00e9stos sigan practicando actividad f\u00edsica de una manera continuada.<br \/>\n[\/et_pb_text][\/et_pb_column][\/et_pb_row][et_pb_row _builder_version=\u00bb3.25&#8243; background_size=\u00bbinitial\u00bb background_position=\u00bbtop_left\u00bb background_repeat=\u00bbrepeat\u00bb column_structure=\u00bb2_3,1_3&#8243;][et_pb_column type=\u00bb2_3&#8243; _builder_version=\u00bb3.25&#8243; custom_padding=\u00bb|||\u00bb custom_padding__hover=\u00bb|||\u00bb][et_pb_text _builder_version=\u00bb3.27.4&#8243; border_width_all=\u00bb0px\u00bb border_color_all=\u00bb#029dbc\u00bb border_style_all=\u00bbsolid\u00bb use_border_color=\u00bbon\u00bb border_color=\u00bb#029dbc\u00bb]<iframe loading=\"lazy\" src=\"https:\/\/www.youtube.com\/embed\/OFoGkn4CMS4\" allowfullscreen=\"allowfullscreen\" frameborder=\"0\" width=\"560\" height=\"315\"><\/iframe><br \/>\n[\/et_pb_text][et_pb_text _builder_version=\u00bb3.27.4&#8243;]<strong>El deporte escolar educando personas durante 25 a\u00f1os.<\/strong><br \/>\n[\/et_pb_text][\/et_pb_column][et_pb_column type=\u00bb1_3&#8243; _builder_version=\u00bb3.25&#8243; custom_padding=\u00bb|||\u00bb custom_padding__hover=\u00bb|||\u00bb][et_pb_text _builder_version=\u00bb3.27.4&#8243;]<\/p>\n<h3>Grupos de la escuela Fleming<\/h3>\n<h3>Deporte escolar de Amasa-Villabona<\/h3>\n<p>Direcci\u00f3n de Deporte Escolar de Villabona; calendarios, d\u00edas de partidos\u2026<br \/>\n[\/et_pb_text][et_pb_button button_url=\u00bbwww.multiekintzak.eus\u00bb url_new_window=\u00bbon\u00bb button_text=\u00bbMultiactividades Asociaci\u00f3n Eskola Kirola\u00bb button_alignment=\u00bbleft\u00bb _builder_version=\u00bb4.8.1&#8243; hover_enabled=\u00bb0&#8243; button_text_size__hover_enabled=\u00bboff\u00bb button_one_text_size__hover_enabled=\u00bboff\u00bb button_two_text_size__hover_enabled=\u00bboff\u00bb button_text_color__hover_enabled=\u00bboff\u00bb button_one_text_color__hover_enabled=\u00bboff\u00bb button_two_text_color__hover_enabled=\u00bboff\u00bb button_border_width__hover_enabled=\u00bboff\u00bb button_one_border_width__hover_enabled=\u00bboff\u00bb button_two_border_width__hover_enabled=\u00bboff\u00bb button_border_color__hover_enabled=\u00bboff\u00bb button_one_border_color__hover_enabled=\u00bboff\u00bb button_two_border_color__hover_enabled=\u00bboff\u00bb button_border_radius__hover_enabled=\u00bboff\u00bb button_one_border_radius__hover_enabled=\u00bboff\u00bb button_two_border_radius__hover_enabled=\u00bboff\u00bb button_letter_spacing__hover_enabled=\u00bboff\u00bb button_one_letter_spacing__hover_enabled=\u00bboff\u00bb button_two_letter_spacing__hover_enabled=\u00bboff\u00bb button_bg_color__hover_enabled=\u00bboff\u00bb button_one_bg_color__hover_enabled=\u00bboff\u00bb button_two_bg_color__hover_enabled=\u00bboff\u00bb sticky_enabled=\u00bb0&#8243;][\/et_pb_button][\/et_pb_column][\/et_pb_row][\/et_pb_section]<\/p>\n","protected":false},"excerpt":{"rendered":"<p>\u201cEl deporte al alcance de todos\/as\u201d El deporte escolar es un programa que, vali\u00e9ndose de la actividad f\u00edsica, busca favorecer la educaci\u00f3n integradora entre el alumnado, desarrollando su identidad de una manera armonizada y tratando de asegurar que en el futuro \u00e9stos sigan practicando actividad f\u00edsica de una manera continuada. El deporte escolar educando personas [&hellip;]<\/p>\n","protected":false},"author":1,"featured_media":0,"parent":0,"menu_order":0,"comment_status":"closed","ping_status":"closed","template":"","meta":{"_et_pb_use_builder":"on","_et_pb_old_content":"","_et_gb_content_width":"","footnotes":""},"class_list":["post-1753","page","type-page","status-publish","hentry"],"_links":{"self":[{"href":"https:\/\/flemingeskola.eus\/es\/wp-json\/wp\/v2\/pages\/1753","targetHints":{"allow":["GET"]}}],"collection":[{"href":"https:\/\/flemingeskola.eus\/es\/wp-json\/wp\/v2\/pages"}],"about":[{"href":"https:\/\/flemingeskola.eus\/es\/wp-json\/wp\/v2\/types\/page"}],"author":[{"embeddable":true,"href":"https:\/\/flemingeskola.eus\/es\/wp-json\/wp\/v2\/users\/1"}],"replies":[{"embeddable":true,"href":"https:\/\/flemingeskola.eus\/es\/wp-json\/wp\/v2\/comments?post=1753"}],"version-history":[{"count":2,"href":"https:\/\/flemingeskola.eus\/es\/wp-json\/wp\/v2\/pages\/1753\/revisions"}],"predecessor-version":[{"id":4760,"href":"https:\/\/flemingeskola.eus\/es\/wp-json\/wp\/v2\/pages\/1753\/revisions\/4760"}],"wp:attachment":[{"href":"https:\/\/flemingeskola.eus\/es\/wp-json\/wp\/v2\/media?parent=1753"}],"curies":[{"name":"wp","href":"https:\/\/api.w.org\/{rel}","templated":true}]}}