{"id":1750,"date":"2018-04-04T14:00:27","date_gmt":"2018-04-04T12:00:27","guid":{"rendered":"https:\/\/flemingeskola.eus\/?page_id=1750"},"modified":"2018-06-22T14:34:56","modified_gmt":"2018-06-22T12:34:56","slug":"actividades-extraescolares-2017","status":"publish","type":"page","link":"https:\/\/flemingeskola.eus\/es\/actividades-extraescolares-2017\/","title":{"rendered":"Actividades extraescolares 2017"},"content":{"rendered":"<p>[et_pb_section bb_built=\u00bb1&#8243;][et_pb_row][et_pb_column type=\u00bb4_4&#8243;][et_pb_testimonial _builder_version=\u00bb3.0.84&#8243; url_new_window=\u00bboff\u00bb quote_icon=\u00bbon\u00bb use_background_color=\u00bbon\u00bb quote_icon_background_color=\u00bb#f5f5f5&#8243; background_layout=\u00bblight\u00bb text_orientation=\u00bbcenter\u00bb body_font_size=\u00bb18&#8243; body_text_color=\u00bb#db0080&#8243;]<\/p>\n<p><em>\u201cOferta amplia y enriquecedora\u201d<\/em><\/p>\n<p>[\/et_pb_testimonial][et_pb_text _builder_version=\u00bb3.0.84&#8243; background_layout=\u00bblight\u00bb text_font_size=\u00bb18px\u00bb text_line_height=\u00bb1.5em\u00bb text_orientation=\u00bbcenter\u00bb module_alignment=\u00bbcenter\u00bb text_text_color=\u00bb#029dbc\u00bb]<\/p>\n<p>Esta oferta se compone de diversas actividades  educativas complementarias. Numerosas actividades, organizadas  para, de manera l\u00fadica, seguir aprendiendo y  perfeccionando lo aprendido.<\/p>\n<p>[\/et_pb_text][\/et_pb_column][\/et_pb_row][et_pb_row][et_pb_column type=\u00bb4_4&#8243;][et_pb_text _builder_version=\u00bb3.0.84&#8243; background_layout=\u00bblight\u00bb header_4_font=\u00bb|700|||||||\u00bb header_4_font_size=\u00bb20px\u00bb header_4_text_color=\u00bb#fe007c\u00bb header_text_color=\u00bb#029dbc\u00bb]<\/p>\n<h4><strong>Rob\u00f3tica<\/strong><\/h4>\n<p style=\"text-align: justify;\">El objetivo primordial es crear una metodolog\u00eda que acerque a los\/as j\u00f3venes al mundo de la ciencia y de la tecnolog\u00eda, mediante un programa de aprendizaje. Las clases son pr\u00e1cticas y l\u00fadicas, para facilitar el proceso de aprendizaje y evitar el rechazo que, a menudo, asignaturas como las matem\u00e1ticas o la f\u00edsica provocan. Nuestro eje esencial es aprender construyendo, programando robots, dise\u00f1ando video juegos y produciendo modelos en 3D.<\/p>\n<p>[\/et_pb_text][\/et_pb_column][\/et_pb_row][et_pb_row][et_pb_column type=\u00bb1_3&#8243;][\/et_pb_column][et_pb_column type=\u00bb1_3&#8243;][et_pb_image _builder_version=\u00bb3.0.84&#8243; src=\u00bbhttps:\/\/flemingeskola.eus\/wp-content\/uploads\/2017\/12\/robotika.jpg\u00bb show_in_lightbox=\u00bboff\u00bb url_new_window=\u00bboff\u00bb use_overlay=\u00bboff\u00bb always_center_on_mobile=\u00bbon\u00bb use_border_color=\u00bbon\u00bb border_color=\u00bb#029dbc\u00bb force_fullwidth=\u00bboff\u00bb show_bottom_space=\u00bbon\u00bb \/][\/et_pb_column][et_pb_column type=\u00bb1_3&#8243;][\/et_pb_column][\/et_pb_row][et_pb_row][et_pb_column type=\u00bb4_4&#8243;][et_pb_text _builder_version=\u00bb3.0.84&#8243; background_layout=\u00bblight\u00bb header_4_font=\u00bb|700|||||||\u00bb header_4_font_size=\u00bb20px\u00bb header_4_text_color=\u00bb#fe007c\u00bb header_text_color=\u00bb#029dbc\u00bb]<\/p>\n<h4><strong>Aloha, escuela divertida e interactiva<\/strong><\/h4>\n<p style=\"text-align: justify;\">A trav\u00e9s de un programa desarrollado especialmente para ni\u00f1os\/as entre 5 y 13 a\u00f1os, ayuda al desarrollo cerebral de un modo divertido  La funci\u00f3n principal de . Aloha, Mentan Arithmetic es fortalecer la inteligencia infantil.<\/p>\n<h4><strong>Escritura digital<\/strong><\/h4>\n<ul>\n<li>Curso de escritura digital (mecanografiando en ordenador).<\/li>\n<li>Dirigido a mayores de 8 a\u00f1os.<\/li>\n<li>Una sesi\u00f3n semanal de Octubre a Mayo.<\/li>\n<li>25\u20ac  al mes (1h por la tarde)<\/li>\n<li>Material : 20\u20ac para todo el curso. (teclado, gomets para<br \/>\n   cegar el teclado y la mochila).<\/li>\n<li>Te preparamos para el examen de la tarjeta IT<\/li>\n<\/ul>\n<p>[\/et_pb_text][\/et_pb_column][\/et_pb_row][et_pb_row][et_pb_column type=\u00bb1_3&#8243;][\/et_pb_column][et_pb_column type=\u00bb1_3&#8243;][et_pb_image _builder_version=\u00bb3.0.84&#8243; src=\u00bbhttps:\/\/flemingeskola.eus\/wp-content\/uploads\/2017\/12\/digitala.jpg\u00bb show_in_lightbox=\u00bboff\u00bb url_new_window=\u00bboff\u00bb use_overlay=\u00bboff\u00bb always_center_on_mobile=\u00bbon\u00bb use_border_color=\u00bbon\u00bb border_color=\u00bb#029dbc\u00bb force_fullwidth=\u00bboff\u00bb show_bottom_space=\u00bbon\u00bb \/][\/et_pb_column][et_pb_column type=\u00bb1_3&#8243;][\/et_pb_column][\/et_pb_row][et_pb_row][et_pb_column type=\u00bb4_4&#8243;][et_pb_text _builder_version=\u00bb3.0.84&#8243; background_layout=\u00bblight\u00bb header_4_font=\u00bb|700|||||||\u00bb header_4_font_size=\u00bb20px\u00bb header_4_text_color=\u00bb#fe007c\u00bb header_text_color=\u00bb#029dbc\u00bb]<\/p>\n<h4><strong>Play in English<\/strong><\/h4>\n<h4><strong>Expresi\u00f3n corporal<\/strong><\/h4>\n<p style=\"text-align: justify;\">El movimiento y los gestos son imprescindibles como forma de expresi\u00f3n en la Educaci\u00f3n infantil. Por ello, experimentando con nuestro cuerpo y poniendo a prueba las posibilidades de movimiento y sus l\u00edmites, se trabaja con los\/as ni\u00f1@s el teatro, la imitaci\u00f3n, el movimiento creativo,\u2026<\/p>\n<h4><strong>Funky<\/strong><\/h4>\n<p style=\"text-align: justify;\">L@s  ni\u00f1@s, ayudados de la m\u00fasica, hacen de su movimiento corporal un baile.<br \/>\nComo bailarines profesionales, crean coreograf\u00edas. \u00a1Son excelentes artistas!<\/p>\n<p>[\/et_pb_text][\/et_pb_column][\/et_pb_row][et_pb_row][et_pb_column type=\u00bb1_2&#8243;][et_pb_text _builder_version=\u00bb3.0.84&#8243; background_layout=\u00bblight\u00bb header_4_font=\u00bb|700|||||||\u00bb header_4_font_size=\u00bb20px\u00bb header_4_text_color=\u00bb#00abf0&#8243; use_border_color=\u00bbon\u00bb border_color=\u00bb#029dbc\u00bb]<\/p>\n<h4 style=\"text-align: center;\">OFERTA PARA EDUCACI\u00d3N INFANTIL<\/h4>\n<p style=\"text-align: center;\"><em>Expresi\u00f3n corporal<\/em> 3, 4, y 5 a\u00f1os<\/p>\n<p style=\"text-align: center;\"><em>Play in english<\/em> 3, 4 eta 5 urte<\/p>\n<p style=\"text-align: center;\"><em>Rob\u00f3tica<\/em> 4 y 5 a\u00f1os<\/p>\n<p>[\/et_pb_text][\/et_pb_column][et_pb_column type=\u00bb1_2&#8243;][et_pb_text _builder_version=\u00bb3.0.84&#8243; background_layout=\u00bblight\u00bb header_4_font=\u00bb|700|||||||\u00bb header_4_font_size=\u00bb20px\u00bb header_4_text_color=\u00bb#00abf0&#8243; use_border_color=\u00bbon\u00bb border_color=\u00bb#029dbc\u00bb]<\/p>\n<h4 style=\"text-align: center;\">OFERTA PARA EDUCACI\u00d3N PRIMARIA<\/h4>\n<p style=\"text-align: center;\"><em>Teatro<\/em> 1\u00ba, 2\u00ba y 3er Cursos<\/p>\n<p style=\"text-align: center;\"><em>Aloha<\/em> Todos los cursos<\/p>\n<p style=\"text-align: center;\"><em>Funky<\/em> 4\u00ba, 5\u00ba y 6\u00ba cursos<\/p>\n<p style=\"text-align: center;\"><em>Play in English<\/em> Todods los niveles<\/p>\n<p style=\"text-align: center;\"><em>Escritura digital<\/em> A partir del curso 3\u00ba<\/p>\n<p style=\"text-align: center;\"><em>Robotika<\/em> Maila guztiak<\/p>\n<p>&nbsp;<\/p>\n<p>[\/et_pb_text][\/et_pb_column][\/et_pb_row][\/et_pb_section]<\/p>\n","protected":false},"excerpt":{"rendered":"<div class=\"et_pb_row et_pb_row_0 et_pb_row_empty\"><\/div>\n<p> \u201cOferta amplia y enriquecedora\u201d Esta oferta se compone de diversas actividades educativas complementarias. Numerosas actividades, organizadas para, de manera l\u00fadica, seguir aprendiendo y perfeccionando lo aprendido. <\/p>\n<div class=\"et_pb_row et_pb_row_1 et_pb_row_empty\"><\/div>\n<p> Rob\u00f3tica El objetivo primordial es crear una metodolog\u00eda que acerque a los\/as j\u00f3venes al mundo de la ciencia y de la tecnolog\u00eda, mediante un programa de aprendizaje. [&hellip;]<\/p>\n","protected":false},"author":1,"featured_media":0,"parent":0,"menu_order":0,"comment_status":"closed","ping_status":"closed","template":"","meta":{"_et_pb_use_builder":"on","_et_pb_old_content":"","_et_gb_content_width":"","footnotes":""},"class_list":["post-1750","page","type-page","status-publish","hentry"],"_links":{"self":[{"href":"https:\/\/flemingeskola.eus\/es\/wp-json\/wp\/v2\/pages\/1750","targetHints":{"allow":["GET"]}}],"collection":[{"href":"https:\/\/flemingeskola.eus\/es\/wp-json\/wp\/v2\/pages"}],"about":[{"href":"https:\/\/flemingeskola.eus\/es\/wp-json\/wp\/v2\/types\/page"}],"author":[{"embeddable":true,"href":"https:\/\/flemingeskola.eus\/es\/wp-json\/wp\/v2\/users\/1"}],"replies":[{"embeddable":true,"href":"https:\/\/flemingeskola.eus\/es\/wp-json\/wp\/v2\/comments?post=1750"}],"version-history":[{"count":3,"href":"https:\/\/flemingeskola.eus\/es\/wp-json\/wp\/v2\/pages\/1750\/revisions"}],"predecessor-version":[{"id":2115,"href":"https:\/\/flemingeskola.eus\/es\/wp-json\/wp\/v2\/pages\/1750\/revisions\/2115"}],"wp:attachment":[{"href":"https:\/\/flemingeskola.eus\/es\/wp-json\/wp\/v2\/media?parent=1750"}],"curies":[{"name":"wp","href":"https:\/\/api.w.org\/{rel}","templated":true}]}}