{"id":1729,"date":"2018-04-04T13:25:12","date_gmt":"2018-04-04T11:25:12","guid":{"rendered":"https:\/\/flemingeskola.eus\/?page_id=1729"},"modified":"2023-02-08T13:11:21","modified_gmt":"2023-02-08T12:11:21","slug":"haur-txokoa","status":"publish","type":"page","link":"https:\/\/flemingeskola.eus\/es\/haur-txokoa\/","title":{"rendered":"Haur txokoa"},"content":{"rendered":"<p>[et_pb_section fb_built=\u00bb1&#8243; _builder_version=\u00bb4.16&#8243; global_colors_info=\u00bb{}\u00bb][et_pb_row _builder_version=\u00bb4.16&#8243; background_size=\u00bbinitial\u00bb background_position=\u00bbtop_left\u00bb background_repeat=\u00bbrepeat\u00bb global_colors_info=\u00bb{}\u00bb column_structure=\u00bb2_3,1_3&#8243;][et_pb_column type=\u00bb2_3&#8243; _builder_version=\u00bb4.16&#8243; custom_padding=\u00bb|||\u00bb global_colors_info=\u00bb{}\u00bb custom_padding__hover=\u00bb|||\u00bb][et_pb_testimonial _builder_version=\u00bb4.16&#8243; body_text_color=\u00bb#db0080&#8243; body_font_size=\u00bb18&#8243; text_orientation=\u00bbcenter\u00bb global_colors_info=\u00bb{}\u00bb]<\/p>\n<p>\n\u201cDesde la ma\u00f1ana: la bienvenida cari\u00f1osa\u201d<\/p>\n<p>[\/et_pb_testimonial][et_pb_text _builder_version=\u00bb4.16&#8243; global_colors_info=\u00bb{}\u00bb]<\/p>\n<p style=\"text-align: justify;\">Por diferentes motivos como puede ser el trabajo de los padres\/madres este es un servicio que se ofrece antes del horario escolar.<\/p>\n<p style=\"text-align: justify;\">Los ni\u00f1os\/as est\u00e1n atendidos desde las 7:30. Este servicio es tanto para los\/las de infantil como para los\/las de primaria.<\/p>\n<p>[\/et_pb_text][\/et_pb_column][et_pb_column type=\u00bb1_3&#8243; _builder_version=\u00bb4.16&#8243; custom_padding=\u00bb|||\u00bb global_colors_info=\u00bb{}\u00bb custom_padding__hover=\u00bb|||\u00bb][et_pb_image src=\u00bbhttps:\/\/flemingeskola.eus\/wp-content\/uploads\/2017\/12\/HaurTxokoa2.jpg\u00bb align_tablet=\u00bbcenter\u00bb align_last_edited=\u00bbon|desktop\u00bb _builder_version=\u00bb4.16&#8243; border_width_all=\u00bb0px\u00bb border_color_all=\u00bb#029dbc\u00bb border_style_all=\u00bbsolid\u00bb use_border_color=\u00bbon\u00bb border_color=\u00bb#029dbc\u00bb always_center_on_mobile=\u00bbon\u00bb global_colors_info=\u00bb{}\u00bb align_phone=\u00bbcenter\u00bb][\/et_pb_image][\/et_pb_column][\/et_pb_row][et_pb_row _builder_version=\u00bb4.16&#8243; background_size=\u00bbinitial\u00bb background_position=\u00bbtop_left\u00bb background_repeat=\u00bbrepeat\u00bb global_colors_info=\u00bb{}\u00bb][et_pb_column type=\u00bb4_4&#8243; _builder_version=\u00bb4.16&#8243; custom_padding=\u00bb|||\u00bb global_colors_info=\u00bb{}\u00bb custom_padding__hover=\u00bb|||\u00bb][et_pb_text _builder_version=\u00bb4.19.0&#8243; hover_enabled=\u00bb0&#8243; global_colors_info=\u00bb{}\u00bb sticky_enabled=\u00bb0&#8243;]<\/p>\n<h2 style=\"text-align: center;\">Servicio HAUR-TXOKOA<\/h2>\n<p>[\/et_pb_text][\/et_pb_column][\/et_pb_row][et_pb_row _builder_version=\u00bb4.16&#8243; background_size=\u00bbinitial\u00bb background_position=\u00bbtop_left\u00bb background_repeat=\u00bbrepeat\u00bb global_colors_info=\u00bb{}\u00bb column_structure=\u00bb1_3,1_3,1_3&#8243;][et_pb_column type=\u00bb1_3&#8243; _builder_version=\u00bb4.16&#8243; custom_padding=\u00bb|||\u00bb global_colors_info=\u00bb{}\u00bb custom_padding__hover=\u00bb|||\u00bb][et_pb_text _builder_version=\u00bb4.16&#8243; global_colors_info=\u00bb{}\u00bb]<\/p>\n<div class='et-box et-shadow'>\n\t\t\t\t\t<div class='et-box-content'><h3 style=\"text-align: center;\"><span style=\"color: #029dbc;\">HORARIO<\/span><\/h3>\n<ul>\n<li style=\"text-align: center;\">El servicio estar\u00e1 en marcha a partir del 9 de septiembre.<\/li>\n<li style=\"text-align: center;\">A diario de 7:30 a 9:00.<\/li>\n<li style=\"text-align: center;\">No hace falta avisar con antelaci\u00f3n, cuando lo necesites, sea el d\u00eda o sea la hora que sea se lleva el ni\u00f1@ y listo.<\/li>\n<\/ul>\n<div>&nbsp;<\/div><\/div><\/div>\n<p>[\/et_pb_text][\/et_pb_column][et_pb_column type=\u00bb1_3&#8243; _builder_version=\u00bb4.16&#8243; custom_padding=\u00bb|||\u00bb global_colors_info=\u00bb{}\u00bb custom_padding__hover=\u00bb|||\u00bb][et_pb_text _builder_version=\u00bb4.19.0&#8243; hover_enabled=\u00bb0&#8243; border_color=\u00bb#029dbc\u00bb global_colors_info=\u00bb{}\u00bb sticky_enabled=\u00bb0&#8243;]<\/p>\n<div class='et-box et-shadow'>\n\t\t\t\t\t<div class='et-box-content'><h3 style=\"text-align: center;\"><span style=\"color: #029dbc;\">TARIFA<\/span><\/h3>\n<ul>\n<li style=\"text-align: center;\">8\u20ac por d\u00eda.<\/li>\n<li style=\"text-align: center;\">Al mes se pagar\u00e1 un m\u00e1ximo de 35\u20ac por ni\u00f1@.<\/li>\n<\/ul><\/div><\/div>\n<p>[\/et_pb_text][\/et_pb_column][et_pb_column type=\u00bb1_3&#8243; _builder_version=\u00bb4.16&#8243; custom_padding=\u00bb|||\u00bb global_colors_info=\u00bb{}\u00bb custom_padding__hover=\u00bb|||\u00bb][et_pb_text _builder_version=\u00bb4.16&#8243; border_color=\u00bb#029dbc\u00bb global_colors_info=\u00bb{}\u00bb]<\/p>\n<div class='et-box et-shadow'>\n\t\t\t\t\t<div class='et-box-content'><h3 style=\"text-align: center;\"><span style=\"color: #029dbc;\">AVISOS<\/span><\/h3>\n<ul>\n<li style=\"text-align: center;\">Todos los usuarios de Haurtxoko tendr\u00e1n que abonar la cuota anual de la asociaci\u00f3n de padres (30\u20ac\/a\u00f1o).<\/li>\n<li style=\"text-align: center;\">Los alumnos de EI 1\u00ba-2\u00ba y 3\u00ba coger\u00e1n autob\u00fas acompa\u00f1ados por el cuidador.<\/li>\n<\/ul>\n<div><\/div><\/div><\/div>\n<p>[\/et_pb_text][\/et_pb_column][\/et_pb_row][\/et_pb_section]<\/p>\n","protected":false},"excerpt":{"rendered":"<p>\u201cDesde la ma\u00f1ana: la bienvenida cari\u00f1osa\u201d Por diferentes motivos como puede ser el trabajo de los padres\/madres este es un servicio que se ofrece antes del horario escolar. Los ni\u00f1os\/as est\u00e1n atendidos desde las 7:30. Este servicio es tanto para los\/las de infantil como para los\/las de primaria. Servicio HAUR-TXOKOA<\/p>\n<div class='et-box et-shadow'>\n<div class='et-box-content'><\/div>\n<\/div>\n<p>HORARIOEl servicio estar\u00e1 en marcha a [&hellip;]<\/p>\n","protected":false},"author":1,"featured_media":0,"parent":0,"menu_order":0,"comment_status":"closed","ping_status":"closed","template":"","meta":{"_et_pb_use_builder":"on","_et_pb_old_content":"","_et_gb_content_width":"","footnotes":""},"class_list":["post-1729","page","type-page","status-publish","hentry"],"_links":{"self":[{"href":"https:\/\/flemingeskola.eus\/es\/wp-json\/wp\/v2\/pages\/1729","targetHints":{"allow":["GET"]}}],"collection":[{"href":"https:\/\/flemingeskola.eus\/es\/wp-json\/wp\/v2\/pages"}],"about":[{"href":"https:\/\/flemingeskola.eus\/es\/wp-json\/wp\/v2\/types\/page"}],"author":[{"embeddable":true,"href":"https:\/\/flemingeskola.eus\/es\/wp-json\/wp\/v2\/users\/1"}],"replies":[{"embeddable":true,"href":"https:\/\/flemingeskola.eus\/es\/wp-json\/wp\/v2\/comments?post=1729"}],"version-history":[{"count":17,"href":"https:\/\/flemingeskola.eus\/es\/wp-json\/wp\/v2\/pages\/1729\/revisions"}],"predecessor-version":[{"id":5887,"href":"https:\/\/flemingeskola.eus\/es\/wp-json\/wp\/v2\/pages\/1729\/revisions\/5887"}],"wp:attachment":[{"href":"https:\/\/flemingeskola.eus\/es\/wp-json\/wp\/v2\/media?parent=1729"}],"curies":[{"name":"wp","href":"https:\/\/api.w.org\/{rel}","templated":true}]}}