{"id":1714,"date":"2018-04-04T12:50:24","date_gmt":"2018-04-04T10:50:24","guid":{"rendered":"https:\/\/flemingeskola.eus\/?page_id=1714"},"modified":"2021-12-02T09:50:30","modified_gmt":"2021-12-02T08:50:30","slug":"auzolana","status":"publish","type":"page","link":"https:\/\/flemingeskola.eus\/es\/auzolana\/","title":{"rendered":"Auzolana"},"content":{"rendered":"<p>[et_pb_section fb_built=\u00bb1&#8243; _builder_version=\u00bb3.22&#8243; global_colors_info=\u00bb{}\u00bb][et_pb_row _builder_version=\u00bb3.25&#8243; background_size=\u00bbinitial\u00bb background_position=\u00bbtop_left\u00bb background_repeat=\u00bbrepeat\u00bb global_colors_info=\u00bb{}\u00bb][et_pb_column type=\u00bb4_4&#8243; _builder_version=\u00bb3.25&#8243; custom_padding=\u00bb|||\u00bb global_colors_info=\u00bb{}\u00bb custom_padding__hover=\u00bb|||\u00bb][et_pb_testimonial _builder_version=\u00bb3.0.84&#8243; body_text_color=\u00bb#db0080&#8243; body_font_size=\u00bb18&#8243; hover_enabled=\u00bb0&#8243; global_colors_info=\u00bb{}\u00bb sticky_enabled=\u00bb0&#8243;]<\/p>\n<p style=\"text-align: center;\">\u201c\u00a1La Comunidad escolar, tesoro de Fleming Herri Eskola!<\/p>\n<p>[\/et_pb_testimonial][\/et_pb_column][\/et_pb_row][et_pb_row _builder_version=\u00bb3.25&#8243; background_size=\u00bbinitial\u00bb background_position=\u00bbtop_left\u00bb background_repeat=\u00bbrepeat\u00bb global_colors_info=\u00bb{}\u00bb][et_pb_column type=\u00bb4_4&#8243; _builder_version=\u00bb3.25&#8243; custom_padding=\u00bb|||\u00bb global_colors_info=\u00bb{}\u00bb custom_padding__hover=\u00bb|||\u00bb][et_pb_image src=\u00bbhttps:\/\/flemingeskola.eus\/wp-content\/uploads\/2017\/12\/Auzolanak.jpg\u00bb align_tablet=\u00bbcenter\u00bb align_last_edited=\u00bbon|desktop\u00bb _builder_version=\u00bb3.23&#8243; border_width_all=\u00bb0px\u00bb border_color_all=\u00bb#029dbc\u00bb border_style_all=\u00bbsolid\u00bb use_border_color=\u00bbon\u00bb border_color=\u00bb#029dbc\u00bb always_center_on_mobile=\u00bbon\u00bb global_colors_info=\u00bb{}\u00bb align_phone=\u00bbcenter\u00bb][\/et_pb_image][\/et_pb_column][\/et_pb_row][et_pb_row _builder_version=\u00bb3.25&#8243; background_size=\u00bbinitial\u00bb background_position=\u00bbtop_left\u00bb background_repeat=\u00bbrepeat\u00bb global_colors_info=\u00bb{}\u00bb][et_pb_column type=\u00bb4_4&#8243; _builder_version=\u00bb3.25&#8243; custom_padding=\u00bb|||\u00bb global_colors_info=\u00bb{}\u00bb custom_padding__hover=\u00bb|||\u00bb][et_pb_text _builder_version=\u00bb4.13.1&#8243; hover_enabled=\u00bb0&#8243; global_colors_info=\u00bb{}\u00bb sticky_enabled=\u00bb0&#8243;]<\/p>\n<p style=\"text-align: justify;\">La base m\u00e1s s\u00f3lida de Fleming Herri Eskola es <strong>la comunidad escolar<\/strong>. El alumnado, el profesorado, las familias, las educadoras del comedor, los servicios sociales y locales del ayuntamiento,\u2026. Entre todos creamos <strong>FLEMINGKIDETASUNA<\/strong>.&nbsp; LLamamos Flemingkidetasuna al ambiente que respiramos en nuestra comunidad escolar: ilusi\u00f3n, compromiso, dulzura, cercan\u00eda, trabajo en com\u00fan,\u2026 todo esto lo practicamos y lo sentimos,\u00a1 y lo queremos contagiar al pueblo y al mundo entero!<\/p>\n<p style=\"text-align: justify;\">Por todo ello, a trav\u00e9s de <strong>AUZOLANA<\/strong> realizamos diferentes proyectos. Entre todos, colaborando, realizamos trabajos de mejora de la escuela y realizamos estos trabajos en un ambiente festivo. Pero el objetivo es doble: mientras mejoramos la escuela, tambi\u00e9n estrechamos las relaciones en la comunidad, creando una red fuerte y agradable de la comunidad, \u00a1porque vamos junt@s, porque somos junt@s!<\/p>\n<p>[\/et_pb_text][\/et_pb_column][\/et_pb_row][et_pb_row _builder_version=\u00bb3.25&#8243; background_size=\u00bbinitial\u00bb background_position=\u00bbtop_left\u00bb background_repeat=\u00bbrepeat\u00bb global_colors_info=\u00bb{}\u00bb column_structure=\u00bb1_5,3_5,1_5&#8243;][et_pb_column type=\u00bb1_5&#8243; _builder_version=\u00bb3.25&#8243; custom_padding=\u00bb|||\u00bb global_colors_info=\u00bb{}\u00bb custom_padding__hover=\u00bb|||\u00bb][\/et_pb_column][et_pb_column type=\u00bb3_5&#8243; _builder_version=\u00bb3.25&#8243; custom_padding=\u00bb|||\u00bb global_colors_info=\u00bb{}\u00bb custom_padding__hover=\u00bb|||\u00bb][et_pb_text _builder_version=\u00bb3.27.4&#8243; border_width_all=\u00bb0px\u00bb border_color_all=\u00bb#029dbc\u00bb border_style_all=\u00bbsolid\u00bb use_border_color=\u00bbon\u00bb border_color=\u00bb#029dbc\u00bb global_colors_info=\u00bb{}\u00bb]<iframe loading=\"lazy\" src=\"https:\/\/www.youtube.com\/embed\/Ct3YYtxB2lY\" allowfullscreen=\"allowfullscreen\" width=\"560\" height=\"315\" frameborder=\"0\"><\/iframe><br \/>\n[\/et_pb_text][et_pb_testimonial _builder_version=\u00bb3.0.84&#8243; body_text_color=\u00bb#db0080&#8243; body_font_size=\u00bb18&#8243; text_orientation=\u00bbcenter\u00bb global_colors_info=\u00bb{}\u00bb]\u00bbConstruyendo juntos\u00bb<br \/>\n[\/et_pb_testimonial][\/et_pb_column][et_pb_column type=\u00bb1_5&#8243; _builder_version=\u00bb3.25&#8243; custom_padding=\u00bb|||\u00bb global_colors_info=\u00bb{}\u00bb custom_padding__hover=\u00bb|||\u00bb][\/et_pb_column][\/et_pb_row][et_pb_row _builder_version=\u00bb3.25&#8243; background_size=\u00bbinitial\u00bb background_position=\u00bbtop_left\u00bb background_repeat=\u00bbrepeat\u00bb global_colors_info=\u00bb{}\u00bb][et_pb_column type=\u00bb4_4&#8243; _builder_version=\u00bb3.25&#8243; custom_padding=\u00bb|||\u00bb global_colors_info=\u00bb{}\u00bb custom_padding__hover=\u00bb|||\u00bb][et_pb_text _builder_version=\u00bb4.13.1&#8243; hover_enabled=\u00bb0&#8243; border_color=\u00bb#029dbc\u00bb global_colors_info=\u00bb{}\u00bb sticky_enabled=\u00bb0&#8243;]<\/p>\n<h3>Ejemplos realizados en comunidad:<\/h3>\n<ul>\n<li><a href=\"https:\/\/www.flickr.com\/photos\/159542445@N04\/albums\/72157688464871471\" target=\"_blank\" rel=\"noopener\">PROYECTO \u201cJOLASLEKUA PIZTU!\u201d<\/a><\/li>\n<li><a href=\"https:\/\/www.flickr.com\/photos\/159542445@N04\/albums\/72157707222403181\" target=\"_blank\" rel=\"noopener\">TRABAJOS DE PINTAR<\/a><\/li>\n<\/ul>\n<p>[\/et_pb_text][\/et_pb_column][\/et_pb_row][\/et_pb_section]<\/p>\n","protected":false},"excerpt":{"rendered":"<p>\u201c\u00a1La Comunidad escolar, tesoro de Fleming Herri Eskola! La base m\u00e1s s\u00f3lida de Fleming Herri Eskola es la comunidad escolar. El alumnado, el profesorado, las familias, las educadoras del comedor, los servicios sociales y locales del ayuntamiento,\u2026. Entre todos creamos FLEMINGKIDETASUNA.&nbsp; LLamamos Flemingkidetasuna al ambiente que respiramos en nuestra comunidad escolar: ilusi\u00f3n, compromiso, dulzura, cercan\u00eda, [&hellip;]<\/p>\n","protected":false},"author":1,"featured_media":0,"parent":0,"menu_order":0,"comment_status":"closed","ping_status":"closed","template":"","meta":{"_et_pb_use_builder":"on","_et_pb_old_content":"","_et_gb_content_width":"","footnotes":""},"class_list":["post-1714","page","type-page","status-publish","hentry"],"_links":{"self":[{"href":"https:\/\/flemingeskola.eus\/es\/wp-json\/wp\/v2\/pages\/1714","targetHints":{"allow":["GET"]}}],"collection":[{"href":"https:\/\/flemingeskola.eus\/es\/wp-json\/wp\/v2\/pages"}],"about":[{"href":"https:\/\/flemingeskola.eus\/es\/wp-json\/wp\/v2\/types\/page"}],"author":[{"embeddable":true,"href":"https:\/\/flemingeskola.eus\/es\/wp-json\/wp\/v2\/users\/1"}],"replies":[{"embeddable":true,"href":"https:\/\/flemingeskola.eus\/es\/wp-json\/wp\/v2\/comments?post=1714"}],"version-history":[{"count":3,"href":"https:\/\/flemingeskola.eus\/es\/wp-json\/wp\/v2\/pages\/1714\/revisions"}],"predecessor-version":[{"id":4949,"href":"https:\/\/flemingeskola.eus\/es\/wp-json\/wp\/v2\/pages\/1714\/revisions\/4949"}],"wp:attachment":[{"href":"https:\/\/flemingeskola.eus\/es\/wp-json\/wp\/v2\/media?parent=1714"}],"curies":[{"name":"wp","href":"https:\/\/api.w.org\/{rel}","templated":true}]}}