{"id":1706,"date":"2018-04-04T12:40:25","date_gmt":"2018-04-04T10:40:25","guid":{"rendered":"https:\/\/flemingeskola.eus\/?page_id=1706"},"modified":"2023-05-16T14:33:43","modified_gmt":"2023-05-16T12:33:43","slug":"aficion-a-la-lectura","status":"publish","type":"page","link":"https:\/\/flemingeskola.eus\/es\/aficion-a-la-lectura\/","title":{"rendered":"Afici\u00f3n a la lectura"},"content":{"rendered":"<p>[et_pb_section fb_built=\u00bb1&#8243; _builder_version=\u00bb4.16&#8243; global_colors_info=\u00bb{}\u00bb][et_pb_row _builder_version=\u00bb4.16&#8243; background_size=\u00bbinitial\u00bb background_position=\u00bbtop_left\u00bb background_repeat=\u00bbrepeat\u00bb global_colors_info=\u00bb{}\u00bb][et_pb_column type=\u00bb4_4&#8243; _builder_version=\u00bb4.16&#8243; custom_padding=\u00bb|||\u00bb global_colors_info=\u00bb{}\u00bb custom_padding__hover=\u00bb|||\u00bb][et_pb_testimonial _builder_version=\u00bb4.16&#8243; body_text_color=\u00bb#db0080&#8243; body_font_size=\u00bb18&#8243; global_colors_info=\u00bb{}\u00bb]<\/p>\n<p style=\"text-align: center;\"><em>El mundo de los libros, \u00a1el mundo de los sue\u00f1os!<\/em><\/p>\n<p>[\/et_pb_testimonial][\/et_pb_column][\/et_pb_row][et_pb_row _builder_version=\u00bb4.16&#8243; background_size=\u00bbinitial\u00bb background_position=\u00bbtop_left\u00bb background_repeat=\u00bbrepeat\u00bb global_colors_info=\u00bb{}\u00bb][et_pb_column type=\u00bb4_4&#8243; _builder_version=\u00bb4.16&#8243; custom_padding=\u00bb|||\u00bb global_colors_info=\u00bb{}\u00bb custom_padding__hover=\u00bb|||\u00bb][et_pb_text _builder_version=\u00bb4.19.0&#8243; hover_enabled=\u00bb0&#8243; global_colors_info=\u00bb{}\u00bb sticky_enabled=\u00bb0&#8243;]<\/p>\n<p style=\"text-align: justify;\">Fomentar la lectura es uno de los pilares de la escuela, ya que es un tema que va mucho m\u00e1s all\u00e1 del aprendizaje de la mec\u00e1nica de la lecto-escritura. Aprender a leer, aprender a leer y disfrutar. La lecto-escritura es una herramienta de comunicaci\u00f3n rica, es una forma de expresar e intercambiar emociones, pensamientos, opiniones, informaciones, as\u00ed que esto tiene el lugar que necesita en la escuela.<\/p>\n<p style=\"text-align: justify;\">La afici\u00f3n a la lectura es una semilla que se cultiva desde peque\u00f1os, sumergiendo a los ni\u00f1os en el mundo de los cuentos, aprendiendo a leer poco a poco, alimentando la magia de los cuentos&#8230; Por eso en la escuela tenemos dos bibliotecas. Nuestro objetivo es crear espacios de lectura agradables, ricos y atractivos, \u00a1creando bibliotecas vivas!<\/p>\n<p><a href=\"https:\/\/flemingliburutegia.blogspot.com\/\" target=\"_blank\" rel=\"noopener\">BLOG DE LA BIBLIOTECA<\/a><\/p>\n<p>[\/et_pb_text][et_pb_image src=\u00bbhttps:\/\/flemingeskola.eus\/wp-content\/uploads\/2017\/12\/Liburutegia_fleming.jpg\u00bb align_tablet=\u00bbcenter\u00bb align_phone=\u00bbcenter\u00bb align_last_edited=\u00bbon|desktop\u00bb _builder_version=\u00bb4.16&#8243; border_width_all=\u00bb0px\u00bb border_color_all=\u00bb#029dbf\u00bb border_style_all=\u00bbsolid\u00bb use_border_color=\u00bbon\u00bb border_color=\u00bb#029dbf\u00bb always_center_on_mobile=\u00bbon\u00bb global_colors_info=\u00bb{}\u00bb][\/et_pb_image][et_pb_text _builder_version=\u00bb4.19.0&#8243; header_text_align=\u00bbcenter\u00bb header_2_font=\u00bb||on||||||\u00bb header_2_text_align=\u00bbleft\u00bb header_2_text_color=\u00bb#00a6f0&#8243; header_2_font_size=\u00bb18px\u00bb module_alignment=\u00bbcenter\u00bb custom_padding=\u00bb25px|25px|25px|25px\u00bb hover_enabled=\u00bb0&#8243; border_width_all=\u00bb0px\u00bb border_color_all=\u00bb#ededed\u00bb border_style_all=\u00bbsolid\u00bb use_border_color=\u00bbon\u00bb border_color=\u00bb#ededed\u00bb global_colors_info=\u00bb{}\u00bb sticky_enabled=\u00bb0&#8243;]<\/p>\n<h2>BIBLIOTECA (Arratzain)<\/h2>\n<p>Horario: 8:30 \u2013 14:30<\/p>\n<p>&nbsp;<\/p>\n<h2>ACTIVIDADES<\/h2>\n<p>[\/et_pb_text][\/et_pb_column][\/et_pb_row][et_pb_row _builder_version=\u00bb4.16&#8243; background_size=\u00bbinitial\u00bb background_position=\u00bbtop_left\u00bb background_repeat=\u00bbrepeat\u00bb global_colors_info=\u00bb{}\u00bb][et_pb_column type=\u00bb4_4&#8243; _builder_version=\u00bb4.16&#8243; custom_padding=\u00bb|||\u00bb global_colors_info=\u00bb{}\u00bb custom_padding__hover=\u00bb|||\u00bb][et_pb_text _builder_version=\u00bb4.16&#8243; global_colors_info=\u00bb{}\u00bb]<\/p>\n<h2>D\u00cdA DEL LIBRO<\/h2>\n<p style=\"text-align: justify;\">Se trata de una iniciativa especial que organizamos con motivo del d\u00eda Internacional del Libro (23 de abril). Para su celebraci\u00f3n, la comisi\u00f3n de euskera prepara un programa para llevar a cabo durante esa semana.<\/p>\n<p>[\/et_pb_text][\/et_pb_column][\/et_pb_row][et_pb_row column_structure=\u00bb1_2,1_2&#8243; _builder_version=\u00bb4.16&#8243; background_size=\u00bbinitial\u00bb background_position=\u00bbtop_left\u00bb background_repeat=\u00bbrepeat\u00bb global_colors_info=\u00bb{}\u00bb][et_pb_column type=\u00bb1_2&#8243; _builder_version=\u00bb4.16&#8243; custom_padding=\u00bb|||\u00bb global_colors_info=\u00bb{}\u00bb custom_padding__hover=\u00bb|||\u00bb][et_pb_text _builder_version=\u00bb4.16&#8243; global_colors_info=\u00bb{}\u00bb]<\/p>\n<h2>EDUCACI\u00d3N INFANTIL (EI)<\/h2>\n<ol>\n<li style=\"text-align: justify;\">EXPOSICI\u00d3N DE LIBROS: Se organiza una exposici\u00f3n con los libros que el alumnado trae de casa.<\/li>\n<li style=\"text-align: justify;\">FAMILIARES CUENTACUENTOS: Se env\u00eda una circular a casa para invitar a las familias a que participen en esta actividad contando un cuento al alumnado.<\/li>\n<li style=\"text-align: justify;\">CUENTACUENTOS: un profesional viene a contar cuentos a alumn@s de 4 y 5 a\u00f1os.<\/li>\n<li style=\"text-align: justify;\">LECTURA DE UN CUENTO POR PARTE DEL PROFESORADO: cada profesor@ cuenta un cuento a alumn@s de otra aula.<\/li>\n<\/ol>\n<p>[\/et_pb_text][\/et_pb_column][et_pb_column type=\u00bb1_2&#8243; _builder_version=\u00bb4.16&#8243; custom_padding=\u00bb|||\u00bb global_colors_info=\u00bb{}\u00bb custom_padding__hover=\u00bb|||\u00bb][et_pb_text _builder_version=\u00bb4.16&#8243; global_colors_info=\u00bb{}\u00bb]<\/p>\n<h2>EDUCACI\u00d3N PRIMARIA (EP)<\/h2>\n<ol>\n<li style=\"text-align: justify;\">INTERCAMBIO DE LIBROS EN LA BIBLIOTECA: Cada alumn@ trae un libro de casa y, de entre todos los que se recopilan, pide uno en pr\u00e9stamo. Tras un periodo de un mes lo devuelven.<\/li>\n<li style=\"text-align: justify;\">FAMILIARES CUENTACUENTOS EN LAS CLASES: Se env\u00eda una circular a casa para invitar a las familias a que participen en esta actividad contando un cuento al alumnado.<\/li>\n<li style=\"text-align: justify;\">LECTURA EN PAREJA: Se trata de una actividad que se lleva a cabo durante una tarde. El alumnado se organiza en parejas, y cada una de ellas va al lugar de trabajo que escoja a contarse mutuamente un texto en euskera que anteriormente han elegido.<\/li>\n<\/ol>\n<p>[\/et_pb_text][\/et_pb_column][\/et_pb_row][\/et_pb_section]<\/p>\n","protected":false},"excerpt":{"rendered":"<p>El mundo de los libros, \u00a1el mundo de los sue\u00f1os!Fomentar la lectura es uno de los pilares de la escuela, ya que es un tema que va mucho m\u00e1s all\u00e1 del aprendizaje de la mec\u00e1nica de la lecto-escritura. Aprender a leer, aprender a leer y disfrutar. La lecto-escritura es una herramienta de comunicaci\u00f3n rica, es [&hellip;]<\/p>\n","protected":false},"author":1,"featured_media":0,"parent":0,"menu_order":0,"comment_status":"closed","ping_status":"closed","template":"","meta":{"_et_pb_use_builder":"on","_et_pb_old_content":"","_et_gb_content_width":"","footnotes":""},"class_list":["post-1706","page","type-page","status-publish","hentry"],"_links":{"self":[{"href":"https:\/\/flemingeskola.eus\/es\/wp-json\/wp\/v2\/pages\/1706","targetHints":{"allow":["GET"]}}],"collection":[{"href":"https:\/\/flemingeskola.eus\/es\/wp-json\/wp\/v2\/pages"}],"about":[{"href":"https:\/\/flemingeskola.eus\/es\/wp-json\/wp\/v2\/types\/page"}],"author":[{"embeddable":true,"href":"https:\/\/flemingeskola.eus\/es\/wp-json\/wp\/v2\/users\/1"}],"replies":[{"embeddable":true,"href":"https:\/\/flemingeskola.eus\/es\/wp-json\/wp\/v2\/comments?post=1706"}],"version-history":[{"count":6,"href":"https:\/\/flemingeskola.eus\/es\/wp-json\/wp\/v2\/pages\/1706\/revisions"}],"predecessor-version":[{"id":6108,"href":"https:\/\/flemingeskola.eus\/es\/wp-json\/wp\/v2\/pages\/1706\/revisions\/6108"}],"wp:attachment":[{"href":"https:\/\/flemingeskola.eus\/es\/wp-json\/wp\/v2\/media?parent=1706"}],"curies":[{"name":"wp","href":"https:\/\/api.w.org\/{rel}","templated":true}]}}