{"id":1703,"date":"2018-04-04T12:31:11","date_gmt":"2018-04-04T10:31:11","guid":{"rendered":"https:\/\/flemingeskola.eus\/?page_id=1703"},"modified":"2021-01-27T10:56:06","modified_gmt":"2021-01-27T09:56:06","slug":"cultura-digital","status":"publish","type":"page","link":"https:\/\/flemingeskola.eus\/es\/cultura-digital\/","title":{"rendered":"Cultura digital"},"content":{"rendered":"<p>[et_pb_section fb_built=\u00bb1&#8243; _builder_version=\u00bb3.22&#8243;][et_pb_row column_structure=\u00bb2_3,1_3&#8243; _builder_version=\u00bb3.25&#8243; background_size=\u00bbinitial\u00bb background_position=\u00bbtop_left\u00bb background_repeat=\u00bbrepeat\u00bb][et_pb_column type=\u00bb2_3&#8243; _builder_version=\u00bb3.25&#8243; custom_padding=\u00bb|||\u00bb custom_padding__hover=\u00bb|||\u00bb][et_pb_image src=\u00bbhttps:\/\/flemingeskola.eus\/wp-content\/uploads\/2017\/12\/teknologia.jpg\u00bb align_tablet=\u00bbcenter\u00bb align_phone=\u00bb\u00bb align_last_edited=\u00bbon|desktop\u00bb _builder_version=\u00bb3.23&#8243; border_width_all=\u00bb0px\u00bb border_color_all=\u00bb#029dbc\u00bb border_style_all=\u00bbsolid\u00bb use_border_color=\u00bbon\u00bb border_color=\u00bb#029dbc\u00bb always_center_on_mobile=\u00bbon\u00bb][\/et_pb_image][\/et_pb_column][et_pb_column type=\u00bb1_3&#8243; _builder_version=\u00bb3.25&#8243; custom_padding=\u00bb|||\u00bb custom_padding__hover=\u00bb|||\u00bb][et_pb_testimonial _builder_version=\u00bb3.2&#8243; body_text_color=\u00bb#db0080&#8243; body_font_size=\u00bb20&#8243; text_orientation=\u00bbcenter\u00bb]<\/p>\n<p style=\"text-align: left;\"><em>\u201cIncluimos el uso de las nuevas tecnolog\u00edas en el proceso educativo del ni\u00f1@\u201d <\/em><\/p>\n<p>[\/et_pb_testimonial][\/et_pb_column][\/et_pb_row][et_pb_row _builder_version=\u00bb3.25&#8243;][et_pb_column type=\u00bb4_4&#8243; _builder_version=\u00bb3.25&#8243; custom_padding=\u00bb|||\u00bb custom_padding__hover=\u00bb|||\u00bb][et_pb_text _builder_version=\u00bb4.4.1&#8243; hover_enabled=\u00bb0&#8243;]<\/p>\n<p style=\"text-align: justify;\">La escuela est\u00e1 inmersa en la cultura digital, el alumn@ vive en un mundo digital y es parte de su educaci\u00f3n. Por ello, empezamos a trabajar la competencia tecnol\u00f3gica en Infantil, teniendo la base m\u00e1s s\u00f3lida en Primaria. <em>(tod@s l@s alumn@s de primaria tienen Chrome-books).<\/em><\/p>\n<p style=\"text-align: justify;\">Uno de los objetivos principales es incluir la digitalizaci\u00f3n del proceso de ense\u00f1anza \u2013aprendizaje y apoyar esta digitalizaci\u00f3n en todos los agentes educativos. De esta forma, se llevan a cabo proyectos basados en las nuevas tecnolog\u00edas como:<\/p>\n<ul>\n<li>Proyecto Escuela 2.0<\/li>\n<\/ul>\n<p>[\/et_pb_text][\/et_pb_column][\/et_pb_row][et_pb_row column_structure=\u00bb1_3,1_3,1_3&#8243; _builder_version=\u00bb3.25&#8243; background_size=\u00bbinitial\u00bb background_position=\u00bbtop_left\u00bb background_repeat=\u00bbrepeat\u00bb][et_pb_column type=\u00bb1_3&#8243; _builder_version=\u00bb3.25&#8243; custom_padding=\u00bb|||\u00bb custom_padding__hover=\u00bb|||\u00bb][et_pb_text _builder_version=\u00bb4.4.1&#8243; hover_enabled=\u00bb0&#8243;]<\/p>\n<h3>Educaci\u00f3n Digital en las aulas<\/h3>\n<p style=\"text-align: justify;\">Ayudas econ\u00f3micas para la adquisici\u00f3n de Chrome books en las aulas.<\/p>\n<p>[\/et_pb_text][\/et_pb_column][et_pb_column type=\u00bb1_3&#8243; _builder_version=\u00bb3.25&#8243; custom_padding=\u00bb|||\u00bb custom_padding__hover=\u00bb|||\u00bb][et_pb_image src=\u00bbhttps:\/\/flemingeskola.eus\/wp-content\/uploads\/2017\/12\/IKT-heldutasun-maila.jpg\u00bb align_tablet=\u00bbcenter\u00bb align_phone=\u00bb\u00bb align_last_edited=\u00bbon|desktop\u00bb _builder_version=\u00bb3.23&#8243; always_center_on_mobile=\u00bbon\u00bb][\/et_pb_image][\/et_pb_column][et_pb_column type=\u00bb1_3&#8243; _builder_version=\u00bb3.25&#8243; custom_padding=\u00bb|||\u00bb custom_padding__hover=\u00bb|||\u00bb][\/et_pb_column][\/et_pb_row][et_pb_row column_structure=\u00bb1_3,1_3,1_3&#8243; _builder_version=\u00bb3.25&#8243; background_size=\u00bbinitial\u00bb background_position=\u00bbtop_left\u00bb background_repeat=\u00bbrepeat\u00bb][et_pb_column type=\u00bb1_3&#8243; _builder_version=\u00bb3.25&#8243; custom_padding=\u00bb|||\u00bb custom_padding__hover=\u00bb|||\u00bb][et_pb_text _builder_version=\u00bb4.4.1&#8243; hover_enabled=\u00bb0&#8243;]<\/p>\n<h3>Estamos educando en los valores digitales.<\/h3>\n<p style=\"text-align: justify;\">Las nuevas tecnolog\u00edas forman parte de la ense\u00f1anza diaria.<\/p>\n<p>[\/et_pb_text][\/et_pb_column][et_pb_column type=\u00bb1_3&#8243; _builder_version=\u00bb3.25&#8243; custom_padding=\u00bb|||\u00bb custom_padding__hover=\u00bb|||\u00bb][et_pb_image src=\u00bbhttps:\/\/flemingeskola.eus\/wp-content\/uploads\/2017\/12\/IKT-on.jpg\u00bb align_tablet=\u00bbcenter\u00bb align_phone=\u00bb\u00bb align_last_edited=\u00bbon|desktop\u00bb _builder_version=\u00bb3.23&#8243; always_center_on_mobile=\u00bbon\u00bb][\/et_pb_image][\/et_pb_column][et_pb_column type=\u00bb1_3&#8243; _builder_version=\u00bb3.25&#8243; custom_padding=\u00bb|||\u00bb custom_padding__hover=\u00bb|||\u00bb][\/et_pb_column][\/et_pb_row][\/et_pb_section]<\/p>\n","protected":false},"excerpt":{"rendered":"<p>\u201cIncluimos el uso de las nuevas tecnolog\u00edas en el proceso educativo del ni\u00f1@\u201d La escuela est\u00e1 inmersa en la cultura digital, el alumn@ vive en un mundo digital y es parte de su educaci\u00f3n. Por ello, empezamos a trabajar la competencia tecnol\u00f3gica en Infantil, teniendo la base m\u00e1s s\u00f3lida en Primaria. (tod@s l@s alumn@s de [&hellip;]<\/p>\n","protected":false},"author":1,"featured_media":0,"parent":0,"menu_order":0,"comment_status":"closed","ping_status":"closed","template":"","meta":{"_et_pb_use_builder":"on","_et_pb_old_content":"","_et_gb_content_width":"","footnotes":""},"class_list":["post-1703","page","type-page","status-publish","hentry"],"_links":{"self":[{"href":"https:\/\/flemingeskola.eus\/es\/wp-json\/wp\/v2\/pages\/1703","targetHints":{"allow":["GET"]}}],"collection":[{"href":"https:\/\/flemingeskola.eus\/es\/wp-json\/wp\/v2\/pages"}],"about":[{"href":"https:\/\/flemingeskola.eus\/es\/wp-json\/wp\/v2\/types\/page"}],"author":[{"embeddable":true,"href":"https:\/\/flemingeskola.eus\/es\/wp-json\/wp\/v2\/users\/1"}],"replies":[{"embeddable":true,"href":"https:\/\/flemingeskola.eus\/es\/wp-json\/wp\/v2\/comments?post=1703"}],"version-history":[{"count":5,"href":"https:\/\/flemingeskola.eus\/es\/wp-json\/wp\/v2\/pages\/1703\/revisions"}],"predecessor-version":[{"id":4159,"href":"https:\/\/flemingeskola.eus\/es\/wp-json\/wp\/v2\/pages\/1703\/revisions\/4159"}],"wp:attachment":[{"href":"https:\/\/flemingeskola.eus\/es\/wp-json\/wp\/v2\/media?parent=1703"}],"curies":[{"name":"wp","href":"https:\/\/api.w.org\/{rel}","templated":true}]}}