{"id":1700,"date":"2018-04-04T12:25:09","date_gmt":"2018-04-04T10:25:09","guid":{"rendered":"https:\/\/flemingeskola.eus\/?page_id=1700"},"modified":"2023-02-03T13:36:18","modified_gmt":"2023-02-03T12:36:18","slug":"medio-ambiente","status":"publish","type":"page","link":"https:\/\/flemingeskola.eus\/es\/medio-ambiente\/","title":{"rendered":"Naturaleza"},"content":{"rendered":"<p>[et_pb_section fb_built=\u00bb1&#8243; _builder_version=\u00bb4.16&#8243; global_colors_info=\u00bb{}\u00bb][et_pb_row column_structure=\u00bb1_5,3_5,1_5&#8243; _builder_version=\u00bb4.16&#8243; background_size=\u00bbinitial\u00bb background_position=\u00bbtop_left\u00bb background_repeat=\u00bbrepeat\u00bb global_colors_info=\u00bb{}\u00bb][et_pb_column type=\u00bb1_5&#8243; _builder_version=\u00bb4.16&#8243; custom_padding=\u00bb|||\u00bb global_colors_info=\u00bb{}\u00bb custom_padding__hover=\u00bb|||\u00bb][\/et_pb_column][et_pb_column type=\u00bb3_5&#8243; _builder_version=\u00bb4.16&#8243; custom_padding=\u00bb|||\u00bb global_colors_info=\u00bb{}\u00bb custom_padding__hover=\u00bb|||\u00bb][et_pb_gallery gallery_ids=\u00bb4843,4877,4875,4873,4871,4869,4867,4865,4863,4861,4859,4857,4855,4853,4851,4849,4847,4845&#8243; gallery_orderby=\u00bbrand\u00bb fullwidth=\u00bbon\u00bb _builder_version=\u00bb4.16&#8243; auto=\u00bbon\u00bb pagination_font_size_tablet=\u00bb51&#8243; pagination_line_height_tablet=\u00bb2&#8243; border_width_all=\u00bb1px\u00bb border_color_all=\u00bb#029dbc\u00bb border_style_all=\u00bbsolid\u00bb use_border_color=\u00bbon\u00bb border_color=\u00bb#029dbc\u00bb global_colors_info=\u00bb{}\u00bb][\/et_pb_gallery][\/et_pb_column][et_pb_column type=\u00bb1_5&#8243; _builder_version=\u00bb4.16&#8243; custom_padding=\u00bb|||\u00bb global_colors_info=\u00bb{}\u00bb custom_padding__hover=\u00bb|||\u00bb][\/et_pb_column][\/et_pb_row][et_pb_row column_structure=\u00bb1_5,3_5,1_5&#8243; _builder_version=\u00bb4.16&#8243; background_size=\u00bbinitial\u00bb background_position=\u00bbtop_left\u00bb background_repeat=\u00bbrepeat\u00bb global_colors_info=\u00bb{}\u00bb][et_pb_column type=\u00bb1_5&#8243; _builder_version=\u00bb4.16&#8243; custom_padding=\u00bb|||\u00bb global_colors_info=\u00bb{}\u00bb custom_padding__hover=\u00bb|||\u00bb][\/et_pb_column][et_pb_column type=\u00bb3_5&#8243; _builder_version=\u00bb4.16&#8243; custom_padding=\u00bb|||\u00bb global_colors_info=\u00bb{}\u00bb custom_padding__hover=\u00bb|||\u00bb][et_pb_testimonial _builder_version=\u00bb4.16&#8243; body_text_color=\u00bb#db0080&#8243; body_font_size=\u00bb18&#8243; text_orientation=\u00bbcenter\u00bb global_colors_info=\u00bb{}\u00bb]<em>\u201c Conociendo y amando la naturaleza\u201d <\/em>[\/et_pb_testimonial][\/et_pb_column][et_pb_column type=\u00bb1_5&#8243; _builder_version=\u00bb4.16&#8243; custom_padding=\u00bb|||\u00bb global_colors_info=\u00bb{}\u00bb custom_padding__hover=\u00bb|||\u00bb][\/et_pb_column][\/et_pb_row][et_pb_row column_structure=\u00bb1_2,1_2&#8243; _builder_version=\u00bb4.16&#8243; background_size=\u00bbinitial\u00bb background_position=\u00bbtop_left\u00bb background_repeat=\u00bbrepeat\u00bb global_colors_info=\u00bb{}\u00bb][et_pb_column type=\u00bb1_2&#8243; _builder_version=\u00bb4.16&#8243; custom_padding=\u00bb|||\u00bb global_colors_info=\u00bb{}\u00bb custom_padding__hover=\u00bb|||\u00bb][et_pb_code _builder_version=\u00bb4.16&#8243; _module_preset=\u00bbdefault\u00bb global_colors_info=\u00bb{}\u00bb]<div style=\"width: 854px;\" class=\"wp-video\"><video class=\"wp-video-shortcode\" id=\"video-1700-1\" width=\"854\" height=\"480\" preload=\"metadata\" controls=\"controls\"><source type=\"video\/mp4\" src=\"https:\/\/flemingeskola.eus\/wp-content\/uploads\/2021\/05\/Eskolan-kalean-.mp4?_=1\" \/><a href=\"https:\/\/flemingeskola.eus\/wp-content\/uploads\/2021\/05\/Eskolan-kalean-.mp4\">https:\/\/flemingeskola.eus\/wp-content\/uploads\/2021\/05\/Eskolan-kalean-.mp4<\/a><\/video><\/div>[\/et_pb_code][\/et_pb_column][et_pb_column type=\u00bb1_2&#8243; _builder_version=\u00bb4.16&#8243; custom_padding=\u00bb|||\u00bb global_colors_info=\u00bb{}\u00bb custom_padding__hover=\u00bb|||\u00bb][et_pb_text _builder_version=\u00bb4.16&#8243; global_colors_info=\u00bb{}\u00bb]<\/p>\n<h2 style=\"text-align: left;\">Eskola naturan<\/h2>\n<p style=\"text-align: justify;\">El contacto con la naturaleza es b\u00e1sico para nuestro bienestar. Por eso, en Fleming Herri Eskola llevamos a cabo el proyecto ESKOLA NATURAN. Al menos una vez a la semana nos acercamos a la naturaleza para trabajar cosas diferentes, aprovechando la buena influencia de la naturaleza trabajamos las diferentes partes del curr\u00edculum escolar (lo hacemos en todas las franjas de edad, desde los 2 a\u00f1os hasta los de 6. de primaria).<\/p>\n<p style=\"text-align: justify;\">Este proyecto naci\u00f3 en la comunidad y sigue siendo un proyecto comunitario, ya que contamos con el apoyo de las familias voluntarias para llevarlo a cabo.<\/p>\n<p><a href=\"https:\/\/flemingeskola.eus\/es\/la-escuela-en-la-calle-la-escuela-en-la-naturaleza\/\">M\u00e1s informaci\u00f3n y fotos<\/a><\/p>\n<p>[\/et_pb_text][\/et_pb_column][\/et_pb_row][et_pb_row _builder_version=\u00bb4.16&#8243; background_size=\u00bbinitial\u00bb background_position=\u00bbtop_left\u00bb background_repeat=\u00bbrepeat\u00bb global_colors_info=\u00bb{}\u00bb][et_pb_column type=\u00bb4_4&#8243; _builder_version=\u00bb4.16&#8243; custom_padding=\u00bb|||\u00bb global_colors_info=\u00bb{}\u00bb custom_padding__hover=\u00bb|||\u00bb][et_pb_text _builder_version=\u00bb4.19.0&#8243; global_colors_info=\u00bb{}\u00bb]<\/p>\n<h2 style=\"text-align: left;\">Huertos<\/h2>\n<p>[\/et_pb_text][\/et_pb_column][\/et_pb_row][et_pb_row _builder_version=\u00bb4.16&#8243; background_size=\u00bbinitial\u00bb background_position=\u00bbtop_left\u00bb background_repeat=\u00bbrepeat\u00bb global_colors_info=\u00bb{}\u00bb][et_pb_column type=\u00bb4_4&#8243; _builder_version=\u00bb4.16&#8243; custom_padding=\u00bb|||\u00bb global_colors_info=\u00bb{}\u00bb custom_padding__hover=\u00bb|||\u00bb][et_pb_text _builder_version=\u00bb4.19.0&#8243; hover_enabled=\u00bb0&#8243; global_colors_info=\u00bb{}\u00bb sticky_enabled=\u00bb0&#8243;]<\/p>\n<p style=\"text-align: justify;\">Desde que amamos la naturaleza, tener huertos en la escuela es un recurso muy rico para cultivar y experimentar este valor. Tanto en Arroa como en Arratzain tenemos huertas junto a espacios naturales, as\u00ed de 2 a 6 a\u00f1os trabajamos el cuidado del medio ambiente, siendo una de nuestras actividades favoritas.<\/p>\n<p><a href=\"https:\/\/flemingeskola.eus\/es\/baratza-eta-ingurumena\/\">https:\/\/flemingeskola.eus\/es\/baratza-eta-ingurumena\/<\/a><\/p>\n<p style=\"text-align: justify;\">Es un recurso excelente para que l@s alumn@s puedan experimentar y conocer de cerca el medio natural y social, por ejemplo:<\/p>\n<ul style=\"text-align: justify;\">\n<li>Comprender mejor la relaci\u00f3n entre la naturaleza y el ser humano.<\/li>\n<li>Ser responsables con el medio ambiente.<\/li>\n<li>Interiorizar experiencias saludables realizadas.<\/li>\n<li>Conocer y entender el modo de vida de generaciones anteriores para acercarnos y compartir experiencias.<\/li>\n<li>Valorar el trabajo del sector primario y conocer de cerca dicho trabajo realizado por personas del pueblo.<\/li>\n<\/ul>\n<p>[\/et_pb_text][\/et_pb_column][\/et_pb_row][et_pb_row column_structure=\u00bb1_2,1_2&#8243; _builder_version=\u00bb4.16&#8243; background_size=\u00bbinitial\u00bb background_position=\u00bbtop_left\u00bb background_repeat=\u00bbrepeat\u00bb global_colors_info=\u00bb{}\u00bb][et_pb_column type=\u00bb1_2&#8243; _builder_version=\u00bb4.16&#8243; custom_padding=\u00bb|||\u00bb global_colors_info=\u00bb{}\u00bb custom_padding__hover=\u00bb|||\u00bb][et_pb_gallery gallery_ids=\u00bb4902,4900,4898,4896,4894,4892,4890,4888,4886,4884&#8243; gallery_orderby=\u00bbrand\u00bb fullwidth=\u00bbon\u00bb _builder_version=\u00bb4.16&#8243; auto=\u00bbon\u00bb pagination_font_size_tablet=\u00bb51&#8243; pagination_line_height_tablet=\u00bb2&#8243; border_width_all=\u00bb1px\u00bb border_color_all=\u00bb#029dbc\u00bb border_style_all=\u00bbsolid\u00bb use_border_color=\u00bbon\u00bb border_color=\u00bb#029dbc\u00bb global_colors_info=\u00bb{}\u00bb][\/et_pb_gallery][\/et_pb_column][et_pb_column type=\u00bb1_2&#8243; _builder_version=\u00bb4.16&#8243; custom_padding=\u00bb|||\u00bb global_colors_info=\u00bb{}\u00bb custom_padding__hover=\u00bb|||\u00bb][et_pb_gallery gallery_ids=\u00bb5830,5828,5826,5824,5822,5820,5818&#8243; gallery_orderby=\u00bbrand\u00bb fullwidth=\u00bbon\u00bb _builder_version=\u00bb4.19.0&#8243; auto=\u00bbon\u00bb pagination_font_size_tablet=\u00bb51&#8243; pagination_line_height_tablet=\u00bb2&#8243; border_width_all=\u00bb1px\u00bb border_color_all=\u00bb#029dbc\u00bb border_style_all=\u00bbsolid\u00bb use_border_color=\u00bbon\u00bb border_color=\u00bb#029dbc\u00bb global_colors_info=\u00bb{}\u00bb][\/et_pb_gallery][\/et_pb_column][\/et_pb_row][et_pb_row _builder_version=\u00bb4.16&#8243; background_size=\u00bbinitial\u00bb background_position=\u00bbtop_left\u00bb background_repeat=\u00bbrepeat\u00bb global_colors_info=\u00bb{}\u00bb][et_pb_column type=\u00bb4_4&#8243; _builder_version=\u00bb4.16&#8243; custom_padding=\u00bb|||\u00bb global_colors_info=\u00bb{}\u00bb custom_padding__hover=\u00bb|||\u00bb][et_pb_text _builder_version=\u00bb4.16&#8243; global_colors_info=\u00bb{}\u00bb]<\/p>\n<h2>\u00a1Somos defensores del medio ambiente! (AGENDA 2030)<\/h2>\n<p style=\"text-align: justify;\">La Agenda 2030 se basa en los 17 Objetivos de Desarrollo Sostenible acordados por la Organizaci\u00f3n de las Naciones Unidas. Estos objetivos fueron aprobados el 25 de septiembre de 2015 por 193 pa\u00edses de la ONU, principalmente para erradicar la pobreza a nivel mundial, proteger el planeta y garantizar la prosperidad a todas las personas. Estamos incluidos en la agenda 30 y realizamos estos trabajos en la escuela.<\/p>\n<p><a href=\"https:\/\/flemingeskola.eus\/es\/medio-ambiente\/agenda2030-2\/\"><img loading=\"lazy\" decoding=\"async\" class=\"wp-image-3999 aligncenter size-full\" src=\"https:\/\/flemingeskola.eus\/wp-content\/uploads\/2021\/01\/agenda2030.jpg\" alt=\"\" width=\"375\" height=\"167\" srcset=\"https:\/\/flemingeskola.eus\/wp-content\/uploads\/2021\/01\/agenda2030.jpg 375w, https:\/\/flemingeskola.eus\/wp-content\/uploads\/2021\/01\/agenda2030-300x134.jpg 300w\" sizes=\"(max-width: 375px) 100vw, 375px\" \/><\/a><\/p>\n<p style=\"text-align: justify;\">La Agenda 2030 \u00abes un compromiso y un plan de acci\u00f3n de la comunidad educativa por la sostenibilidad y la calidad de la escuela y del entorno. Este plan permite a l@s alumn@s analizar y comprender el problema de su medio ambiente inmediato y les prepara para actuar como ciudadanos a favor de una sociedad m\u00e1s justa y ecol\u00f3gicamente sostenible. Para ello, junto con las escuelas de la comarca de Tolosaldea, cada a\u00f1o se elige un tema relacionado con el medio ambiente para trabajar. Una vez realizado el diagn\u00f3stico escolar y local, se define el plan de mejora y una serie de acciones. Finalmente, las propuestas de mejora de la localidad se extienden al alcalde del ayuntamiento. <\/p>\n<p>[\/et_pb_text][\/et_pb_column][\/et_pb_row][et_pb_row _builder_version=\u00bb4.16&#8243; custom_margin=\u00bb||0px|\u00bb custom_padding=\u00bb||0px|\u00bb global_colors_info=\u00bb{}\u00bb][et_pb_column type=\u00bb4_4&#8243; _builder_version=\u00bb4.16&#8243; custom_padding=\u00bb||0px|\u00bb global_colors_info=\u00bb{}\u00bb custom_padding__hover=\u00bb|||\u00bb][et_pb_text _builder_version=\u00bb4.16&#8243; global_colors_info=\u00bb{}\u00bb]<\/p>\n<h2>Almuerzos saludables<\/h2>\n<p>[\/et_pb_text][\/et_pb_column][\/et_pb_row][et_pb_row column_structure=\u00bb1_2,1_2&#8243; _builder_version=\u00bb4.16&#8243; custom_margin=\u00bb||0px|\u00bb custom_padding=\u00bb||10px|\u00bb global_colors_info=\u00bb{}\u00bb][et_pb_column type=\u00bb1_2&#8243; _builder_version=\u00bb4.16&#8243; custom_padding=\u00bb||0px|\u00bb global_colors_info=\u00bb{}\u00bb custom_padding__hover=\u00bb|||\u00bb][et_pb_text _builder_version=\u00bb4.16&#8243; global_colors_info=\u00bb{}\u00bb]<\/p>\n<p style=\"text-align: justify;\">En <strong>infantil<\/strong> hacemos todos los d\u00edas un almuerzo saludable. L@s alumn@s de un modo aut\u00f3nomo y en grupo, preparan el almuerzo para tod@s los alumn@s, siendo un men\u00fa diferente todos los d\u00edas.<\/p>\n<p>[\/et_pb_text][\/et_pb_column][et_pb_column type=\u00bb1_2&#8243; _builder_version=\u00bb4.16&#8243; custom_padding=\u00bb||0px|\u00bb global_colors_info=\u00bb{}\u00bb custom_padding__hover=\u00bb|||\u00bb][et_pb_text _builder_version=\u00bb4.16&#8243; global_colors_info=\u00bb{}\u00bb]<\/p>\n<p style=\"text-align: justify;\">En <strong>Primaria <\/strong>trabajamos temas como \u201cCuidemos nuestro cuerpo\u201d, \u201cLos alimentos\u201d y llevamos a cabo proyectos como \u201cAlmuerzos saludables\u201d y \u201cLos jueves, d\u00eda de la fruta\u201d, animando a nuestr@s alumn@s a que traigan un desayuno saludable todos los d\u00edas.<\/p>\n<p>[\/et_pb_text][\/et_pb_column][\/et_pb_row][et_pb_row column_structure=\u00bb1_2,1_2&#8243; _builder_version=\u00bb4.16&#8243; custom_margin=\u00bb0px|||\u00bb custom_padding=\u00bb0px|||\u00bb global_colors_info=\u00bb{}\u00bb][et_pb_column type=\u00bb1_2&#8243; _builder_version=\u00bb4.16&#8243; custom_padding=\u00bb0px|||\u00bb global_colors_info=\u00bb{}\u00bb custom_padding__hover=\u00bb|||\u00bb][et_pb_image src=\u00bbhttps:\/\/flemingeskola.eus\/wp-content\/uploads\/2017\/12\/Hamaiketako-Osasungarriak1.jpg\u00bb align_tablet=\u00bbcenter\u00bb align_phone=\u00bb\u00bb align_last_edited=\u00bbon|desktop\u00bb _builder_version=\u00bb4.16&#8243; border_width_all=\u00bb0px\u00bb border_color_all=\u00bb#029dbc\u00bb border_style_all=\u00bbsolid\u00bb use_border_color=\u00bbon\u00bb border_color=\u00bb#029dbc\u00bb always_center_on_mobile=\u00bbon\u00bb global_colors_info=\u00bb{}\u00bb][\/et_pb_image][\/et_pb_column][et_pb_column type=\u00bb1_2&#8243; _builder_version=\u00bb4.16&#8243; custom_padding=\u00bb0px|||\u00bb global_colors_info=\u00bb{}\u00bb custom_padding__hover=\u00bb|||\u00bb][et_pb_image src=\u00bbhttps:\/\/flemingeskola.eus\/wp-content\/uploads\/2017\/12\/hamaiketa-osasuntsua-1.jpg\u00bb align_tablet=\u00bbcenter\u00bb align_phone=\u00bb\u00bb align_last_edited=\u00bbon|desktop\u00bb _builder_version=\u00bb4.16&#8243; border_width_all=\u00bb0px\u00bb border_color_all=\u00bb#029dbc\u00bb border_style_all=\u00bbsolid\u00bb use_border_color=\u00bbon\u00bb border_color=\u00bb#029dbc\u00bb always_center_on_mobile=\u00bbon\u00bb global_colors_info=\u00bb{}\u00bb][\/et_pb_image][\/et_pb_column][\/et_pb_row][et_pb_row _builder_version=\u00bb4.16&#8243; custom_margin=\u00bb||0px|\u00bb custom_padding=\u00bb||10px|\u00bb global_colors_info=\u00bb{}\u00bb][et_pb_column type=\u00bb4_4&#8243; _builder_version=\u00bb4.16&#8243; custom_padding=\u00bb||0px|\u00bb global_colors_info=\u00bb{}\u00bb custom_padding__hover=\u00bb|||\u00bb][et_pb_text _builder_version=\u00bb4.16&#8243; global_colors_info=\u00bb{}\u00bb]<\/p>\n<h2 style=\"text-align: jsutify;\"><strong>BIZI HEZI PROIEKTUA<\/strong><\/h2>\n<p style=\"text-align: jsutify;\">\u00abBERDEAN MUGITZEN GARA!\u00bb<\/p>\n<p>[\/et_pb_text][et_pb_button button_url=\u00bbhttps:\/\/flemingeskola.eus\/es\/bizihezi\/\u00bb button_text=\u00bbCLICK PARA VER\u00bb _builder_version=\u00bb4.16&#8243; global_colors_info=\u00bb{}\u00bb][\/et_pb_button][\/et_pb_column][\/et_pb_row][\/et_pb_section]<\/p>\n","protected":false},"excerpt":{"rendered":"<p>\u201c Conociendo y amando la naturaleza\u201d <\/p>\n<div style=\"width: 854px;\" class=\"wp-video\"><video class=\"wp-video-shortcode\" id=\"video-1700-2\" width=\"854\" height=\"480\" preload=\"metadata\" controls=\"controls\"><source type=\"video\/mp4\" src=\"https:\/\/flemingeskola.eus\/wp-content\/uploads\/2021\/05\/Eskolan-kalean-.mp4?_=2\" \/><a href=\"https:\/\/flemingeskola.eus\/wp-content\/uploads\/2021\/05\/Eskolan-kalean-.mp4\">https:\/\/flemingeskola.eus\/wp-content\/uploads\/2021\/05\/Eskolan-kalean-.mp4<\/a><\/video><\/div>\n<p>Eskola naturan El contacto con la naturaleza es b\u00e1sico para nuestro bienestar. Por eso, en Fleming Herri Eskola llevamos a cabo el proyecto ESKOLA NATURAN. Al menos una vez a la semana nos acercamos a la naturaleza para trabajar cosas diferentes, aprovechando la buena influencia de [&hellip;]<\/p>\n","protected":false},"author":1,"featured_media":0,"parent":0,"menu_order":0,"comment_status":"closed","ping_status":"closed","template":"","meta":{"_et_pb_use_builder":"on","_et_pb_old_content":"","_et_gb_content_width":"","footnotes":""},"class_list":["post-1700","page","type-page","status-publish","hentry"],"_links":{"self":[{"href":"https:\/\/flemingeskola.eus\/es\/wp-json\/wp\/v2\/pages\/1700","targetHints":{"allow":["GET"]}}],"collection":[{"href":"https:\/\/flemingeskola.eus\/es\/wp-json\/wp\/v2\/pages"}],"about":[{"href":"https:\/\/flemingeskola.eus\/es\/wp-json\/wp\/v2\/types\/page"}],"author":[{"embeddable":true,"href":"https:\/\/flemingeskola.eus\/es\/wp-json\/wp\/v2\/users\/1"}],"replies":[{"embeddable":true,"href":"https:\/\/flemingeskola.eus\/es\/wp-json\/wp\/v2\/comments?post=1700"}],"version-history":[{"count":18,"href":"https:\/\/flemingeskola.eus\/es\/wp-json\/wp\/v2\/pages\/1700\/revisions"}],"predecessor-version":[{"id":5874,"href":"https:\/\/flemingeskola.eus\/es\/wp-json\/wp\/v2\/pages\/1700\/revisions\/5874"}],"wp:attachment":[{"href":"https:\/\/flemingeskola.eus\/es\/wp-json\/wp\/v2\/media?parent=1700"}],"curies":[{"name":"wp","href":"https:\/\/api.w.org\/{rel}","templated":true}]}}