{"id":1696,"date":"2018-04-04T11:35:13","date_gmt":"2018-04-04T09:35:13","guid":{"rendered":"https:\/\/flemingeskola.eus\/?page_id=1696"},"modified":"2021-01-27T10:00:59","modified_gmt":"2021-01-27T09:00:59","slug":"elkarbizitza","status":"publish","type":"page","link":"https:\/\/flemingeskola.eus\/es\/elkarbizitza\/","title":{"rendered":"Convivencia"},"content":{"rendered":"<p>[et_pb_section fb_built=\u00bb1&#8243; _builder_version=\u00bb3.22&#8243;][et_pb_row _builder_version=\u00bb3.25&#8243; background_size=\u00bbinitial\u00bb background_position=\u00bbtop_left\u00bb background_repeat=\u00bbrepeat\u00bb][et_pb_column type=\u00bb4_4&#8243; _builder_version=\u00bb3.25&#8243; custom_padding=\u00bb|||\u00bb custom_padding__hover=\u00bb|||\u00bb][et_pb_testimonial _builder_version=\u00bb3.2&#8243; body_font=\u00bb||on||||||\u00bb body_text_color=\u00bb#db0080&#8243; body_font_size=\u00bb18&#8243; text_orientation=\u00bbcenter\u00bb]\u201cLa convivencia, clave de la diversidad\u201d<br \/>\n[\/et_pb_testimonial][et_pb_text _builder_version=\u00bb4.4.1&#8243; text_orientation=\u00bbcenter\u00bb hover_enabled=\u00bb0&#8243;]<\/p>\n<p><iframe loading=\"lazy\" src=\"https:\/\/www.youtube.com\/embed\/wmbq0CXBOvM\" allowfullscreen=\"allowfullscreen\" width=\"560\" height=\"315\" frameborder=\"0\"><\/iframe><\/p>\n<p>[\/et_pb_text][et_pb_image src=\u00bbhttps:\/\/flemingeskola.eus\/wp-content\/uploads\/2017\/12\/Elkarbizitza_Fleming.jpg\u00bb align_tablet=\u00bbcenter\u00bb align_phone=\u00bb\u00bb align_last_edited=\u00bbon|desktop\u00bb _builder_version=\u00bb4.4.1&#8243; border_width_all=\u00bb0px\u00bb border_color_all=\u00bb#029dbc\u00bb border_style_all=\u00bbsolid\u00bb use_border_color=\u00bbon\u00bb border_color=\u00bb#029dbc\u00bb always_center_on_mobile=\u00bbon\u00bb][\/et_pb_image][\/et_pb_column][\/et_pb_row][et_pb_row column_structure=\u00bb1_2,1_2&#8243; _builder_version=\u00bb3.25&#8243; background_size=\u00bbinitial\u00bb background_position=\u00bbtop_left\u00bb background_repeat=\u00bbrepeat\u00bb][et_pb_column type=\u00bb1_2&#8243; _builder_version=\u00bb3.25&#8243; custom_padding=\u00bb|||\u00bb custom_padding__hover=\u00bb|||\u00bb][et_pb_text _builder_version=\u00bb3.27.4&#8243;]<\/p>\n<h2 style=\"text-align: center;\">COEDUCACI\u00d3N<\/h2>\n<p style=\"text-align: center;\">25 de noviembre, 8 de marzo, 17 de mayo<\/p>\n<p>[\/et_pb_text][\/et_pb_column][et_pb_column type=\u00bb1_2&#8243; _builder_version=\u00bb3.25&#8243; custom_padding=\u00bb|||\u00bb custom_padding__hover=\u00bb|||\u00bb][et_pb_text _builder_version=\u00bb3.27.4&#8243;]<\/p>\n<h2 style=\"text-align: center;\">GRUPOS COOPERATIVOS<\/h2>\n<p style=\"text-align: center;\">Juegos, din\u00e1micas, estrategias<\/p>\n<p>&nbsp;<br \/>\n[\/et_pb_text][\/et_pb_column][\/et_pb_row][et_pb_row column_structure=\u00bb1_2,1_2&#8243; _builder_version=\u00bb3.25&#8243; background_size=\u00bbinitial\u00bb background_position=\u00bbtop_left\u00bb background_repeat=\u00bbrepeat\u00bb][et_pb_column type=\u00bb1_2&#8243; _builder_version=\u00bb3.25&#8243; custom_padding=\u00bb|||\u00bb custom_padding__hover=\u00bb|||\u00bb][et_pb_text _builder_version=\u00bb3.27.4&#8243;]<\/p>\n<h2 style=\"text-align: center;\">EDUCACI\u00d3N EN VALORES<\/h2>\n<p style=\"text-align: center;\">Tolerancia, respeto, igualdad<\/p>\n<p>[\/et_pb_text][\/et_pb_column][et_pb_column type=\u00bb1_2&#8243; _builder_version=\u00bb3.25&#8243; custom_padding=\u00bb|||\u00bb custom_padding__hover=\u00bb|||\u00bb][et_pb_text _builder_version=\u00bb3.27.4&#8243;]<\/p>\n<h2 style=\"text-align: center;\">GESTI\u00d3N DE CONFLICTOS<\/h2>\n<p style=\"text-align: center;\">Disciplina positiva<\/p>\n<p>&nbsp;<br \/>\n[\/et_pb_text][\/et_pb_column][\/et_pb_row][et_pb_row column_structure=\u00bb1_4,1_2,1_4&#8243; _builder_version=\u00bb3.25&#8243; background_size=\u00bbinitial\u00bb background_position=\u00bbtop_left\u00bb background_repeat=\u00bbrepeat\u00bb][et_pb_column type=\u00bb1_4&#8243; _builder_version=\u00bb3.25&#8243; custom_padding=\u00bb|||\u00bb custom_padding__hover=\u00bb|||\u00bb][\/et_pb_column][et_pb_column type=\u00bb1_2&#8243; _builder_version=\u00bb3.25&#8243; custom_padding=\u00bb|||\u00bb custom_padding__hover=\u00bb|||\u00bb][et_pb_text _builder_version=\u00bb3.27.4&#8243;]<\/p>\n<h2 style=\"text-align: center;\">IDENTIFICACI\u00d3N DE EMOCIONES<\/h2>\n<p style=\"text-align: center;\">Expresi\u00f3n corporal, meditaci\u00f3n<\/p>\n<p>&nbsp;<\/p>\n<p>&nbsp;<br \/>\n[\/et_pb_text][\/et_pb_column][et_pb_column type=\u00bb1_4&#8243; _builder_version=\u00bb3.25&#8243; custom_padding=\u00bb|||\u00bb custom_padding__hover=\u00bb|||\u00bb][\/et_pb_column][\/et_pb_row][et_pb_row column_structure=\u00bb4_4,4_4&#8243; _builder_version=\u00bb3.25&#8243; background_size=\u00bbinitial\u00bb background_position=\u00bbtop_left\u00bb background_repeat=\u00bbrepeat\u00bb][et_pb_column type=\u00bb4_4&#8243; _builder_version=\u00bb3.25&#8243; custom_padding=\u00bb|||\u00bb custom_padding__hover=\u00bb|||\u00bb][\/et_pb_column][et_pb_column type=\u00bb4_4&#8243; _builder_version=\u00bb3.25&#8243; custom_padding=\u00bb|||\u00bb custom_padding__hover=\u00bb|||\u00bb][\/et_pb_column][\/et_pb_row][\/et_pb_section]<\/p>\n","protected":false},"excerpt":{"rendered":"<p>\u201cLa convivencia, clave de la diversidad\u201d COEDUCACI\u00d3N 25 de noviembre, 8 de marzo, 17 de mayo GRUPOS COOPERATIVOS Juegos, din\u00e1micas, estrategias &nbsp; EDUCACI\u00d3N EN VALORES Tolerancia, respeto, igualdad GESTI\u00d3N DE CONFLICTOS Disciplina positiva &nbsp; IDENTIFICACI\u00d3N DE EMOCIONES Expresi\u00f3n corporal, meditaci\u00f3n &nbsp; &nbsp;<\/p>\n","protected":false},"author":1,"featured_media":0,"parent":0,"menu_order":0,"comment_status":"closed","ping_status":"closed","template":"","meta":{"_et_pb_use_builder":"on","_et_pb_old_content":"","_et_gb_content_width":"","footnotes":""},"class_list":["post-1696","page","type-page","status-publish","hentry"],"_links":{"self":[{"href":"https:\/\/flemingeskola.eus\/es\/wp-json\/wp\/v2\/pages\/1696","targetHints":{"allow":["GET"]}}],"collection":[{"href":"https:\/\/flemingeskola.eus\/es\/wp-json\/wp\/v2\/pages"}],"about":[{"href":"https:\/\/flemingeskola.eus\/es\/wp-json\/wp\/v2\/types\/page"}],"author":[{"embeddable":true,"href":"https:\/\/flemingeskola.eus\/es\/wp-json\/wp\/v2\/users\/1"}],"replies":[{"embeddable":true,"href":"https:\/\/flemingeskola.eus\/es\/wp-json\/wp\/v2\/comments?post=1696"}],"version-history":[{"count":5,"href":"https:\/\/flemingeskola.eus\/es\/wp-json\/wp\/v2\/pages\/1696\/revisions"}],"predecessor-version":[{"id":4142,"href":"https:\/\/flemingeskola.eus\/es\/wp-json\/wp\/v2\/pages\/1696\/revisions\/4142"}],"wp:attachment":[{"href":"https:\/\/flemingeskola.eus\/es\/wp-json\/wp\/v2\/media?parent=1696"}],"curies":[{"name":"wp","href":"https:\/\/api.w.org\/{rel}","templated":true}]}}