{"id":1693,"date":"2018-04-04T11:29:39","date_gmt":"2018-04-04T09:29:39","guid":{"rendered":"https:\/\/flemingeskola.eus\/?page_id=1693"},"modified":"2025-11-20T12:44:57","modified_gmt":"2025-11-20T11:44:57","slug":"profesorado","status":"publish","type":"page","link":"https:\/\/flemingeskola.eus\/es\/profesorado\/","title":{"rendered":"Profesorado"},"content":{"rendered":"<p>[et_pb_section fb_built=\u00bb1&#8243; _builder_version=\u00bb4.16&#8243; global_colors_info=\u00bb{}\u00bb][et_pb_row column_structure=\u00bb2_3,1_3&#8243; _builder_version=\u00bb4.16&#8243; background_size=\u00bbinitial\u00bb background_position=\u00bbtop_left\u00bb background_repeat=\u00bbrepeat\u00bb global_colors_info=\u00bb{}\u00bb][et_pb_column type=\u00bb2_3&#8243; _builder_version=\u00bb4.16&#8243; custom_padding=\u00bb|||\u00bb global_colors_info=\u00bb{}\u00bb custom_padding__hover=\u00bb|||\u00bb][et_pb_image src=\u00bbhttps:\/\/flemingeskola.eus\/wp-content\/uploads\/2025\/10\/Fleming_Zuzendaritza.jpg\u00bb alt=\u00bbFleming_Zuzendaritza\u00bb title_text=\u00bbFleming_Zuzendaritza\u00bb align_tablet=\u00bbcenter\u00bb align_phone=\u00bb\u00bb align_last_edited=\u00bbon|desktop\u00bb admin_label=\u00bbImage\u00bb _builder_version=\u00bb4.27.4&#8243; border_width_all=\u00bb1px\u00bb border_color_all=\u00bb#029dbc\u00bb use_border_color=\u00bbon\u00bb border_color=\u00bb#029dbc\u00bb global_colors_info=\u00bb{}\u00bb][\/et_pb_image][\/et_pb_column][et_pb_column type=\u00bb1_3&#8243; _builder_version=\u00bb4.16&#8243; custom_padding=\u00bb|||\u00bb global_colors_info=\u00bb{}\u00bb custom_padding__hover=\u00bb|||\u00bb][et_pb_text admin_label=\u00bbEQUIPO DIRECCI\u00d3N\u00bb _builder_version=\u00bb4.27.4&#8243; global_colors_info=\u00bb{}\u00bb]<\/p>\n<h3>EQUIPO DIRECCI\u00d3N<\/h3>\n<p><strong>\u00b7 DIRECTOR:<\/strong> Jes\u00fas Quesada<br \/><strong>\u00b7 JEFA DE ESTUDIOS<\/strong>: Josune Herrero<br \/><strong>\u00b7 SECRETARIA:<\/strong> Oihana L\u00f3pez<\/p>\n<p>[\/et_pb_text][\/et_pb_column][\/et_pb_row][et_pb_row column_structure=\u00bb1_2,1_2&#8243; _builder_version=\u00bb4.16&#8243; background_size=\u00bbinitial\u00bb background_position=\u00bbtop_left\u00bb background_repeat=\u00bbrepeat\u00bb global_colors_info=\u00bb{}\u00bb][et_pb_column type=\u00bb1_2&#8243; _builder_version=\u00bb4.16&#8243; custom_padding=\u00bb|||\u00bb global_colors_info=\u00bb{}\u00bb custom_padding__hover=\u00bb|||\u00bb][et_pb_text admin_label=\u00bbEDUCACI\u00d3N INFANTIL\u00bb _builder_version=\u00bb4.27.4&#8243; global_colors_info=\u00bb{}\u00bb]<\/p>\n<h3>EDUCACI\u00d3N INFANTIL<\/h3>\n<p><strong>2 A\u00d1OS A:<\/strong> Bel\u00e9n Gim\u00e9nez \/ Maider Salaberria<br \/><strong>3 A\u00d1OS A:<\/strong> Ainhoa Etxeberria<br \/><strong>3 A\u00d1OS B:<\/strong> Maite Goikoetxea<br \/><strong>4 A\u00d1OS A: <\/strong>Mirian Cort\u00e9s<br \/><strong>4 A\u00d1OS B:<\/strong> Ainhoa Basauri<br \/><strong>5 A\u00d1OS A:<\/strong> Maitane Garaialde<\/p>\n<h3>PROFESORADO DE APOYO<\/h3>\n<p>Edurne Yarza \/ M\u00aa Jes\u00fas Zabalegi<\/p>\n<h3>INGL\u00c9S<\/h3>\n<p>Maite L\u00f3pez [HH+ LH]<\/p>\n<h3>M\u00daSICA<\/h3>\n<p>Odei Mart\u00ednez<\/p>\n<p>[\/et_pb_text][\/et_pb_column][et_pb_column type=\u00bb1_2&#8243; _builder_version=\u00bb4.16&#8243; custom_padding=\u00bb|||\u00bb global_colors_info=\u00bb{}\u00bb custom_padding__hover=\u00bb|||\u00bb][et_pb_image src=\u00bbhttps:\/\/flemingeskola.eus\/wp-content\/uploads\/2025\/10\/Fleming_IrakaslegoaHH.jpg\u00bb alt=\u00bbFleming_IrakaslegoaHH\u00bb title_text=\u00bbFleming_IrakaslegoaHH\u00bb align_tablet=\u00bbcenter\u00bb align_phone=\u00bb\u00bb align_last_edited=\u00bbon|desktop\u00bb _builder_version=\u00bb4.27.4&#8243; border_width_all=\u00bb1px\u00bb border_color_all=\u00bb#029dbc\u00bb use_border_color=\u00bbon\u00bb border_color=\u00bb#029dbc\u00bb locked=\u00bboff\u00bb global_colors_info=\u00bb{}\u00bb][\/et_pb_image][\/et_pb_column][\/et_pb_row][et_pb_row column_structure=\u00bb1_2,1_2&#8243; _builder_version=\u00bb4.16&#8243; background_size=\u00bbinitial\u00bb background_position=\u00bbtop_left\u00bb background_repeat=\u00bbrepeat\u00bb global_colors_info=\u00bb{}\u00bb][et_pb_column type=\u00bb1_2&#8243; _builder_version=\u00bb4.16&#8243; custom_padding=\u00bb|||\u00bb global_colors_info=\u00bb{}\u00bb custom_padding__hover=\u00bb|||\u00bb][et_pb_image src=\u00bbhttps:\/\/flemingeskola.eus\/wp-content\/uploads\/2025\/10\/Fleming_IrakaslegoaLH.jpg\u00bb alt=\u00bbFleming_IrakaslegoaLH\u00bb title_text=\u00bbFleming_IrakaslegoaLH\u00bb align_tablet=\u00bbcenter\u00bb align_phone=\u00bb\u00bb align_last_edited=\u00bbon|desktop\u00bb _builder_version=\u00bb4.27.4&#8243; border_width_all=\u00bb1px\u00bb border_color_all=\u00bb#029dbc\u00bb use_border_color=\u00bbon\u00bb locked=\u00bboff\u00bb global_colors_info=\u00bb{}\u00bb][\/et_pb_image][\/et_pb_column][et_pb_column type=\u00bb1_2&#8243; _builder_version=\u00bb4.16&#8243; custom_padding=\u00bb|||\u00bb global_colors_info=\u00bb{}\u00bb custom_padding__hover=\u00bb|||\u00bb][et_pb_text admin_label=\u00bbEDUCACI\u00d3N PRIMARIA\u00bb _builder_version=\u00bb4.27.4&#8243; global_colors_info=\u00bb{}\u00bb]<\/p>\n<h3>EDUCACI\u00d3N PRIMARIA<\/h3>\n<p><strong>1\u00ba CURSO A:<\/strong> Jaione Guere\u00f1u<br \/><strong>2\u00ba CURSO A:<\/strong> Ainhoa Garmendia<br \/><strong>2\u00ba CURSO B:<\/strong> Nekane Garc\u00eda \/ Manex Etxeberria<br \/><strong>3\u00ba CURSO A:<\/strong> Vanesa Gonz\u00e1lez<br \/><strong>3\u00ba CURSO B:<\/strong> Haritz Loidi<br \/><strong>4\u00ba CURSO A:<\/strong> Eneritz Zabaleta \/ Maialen Quijera<br \/><strong>4\u00ba CURSO B:<\/strong> Ane Oyarzabal<br \/><strong>5\u00ba CURSO A:<\/strong> Be\u00f1at Sarasola<br \/><strong>6\u00ba CURSO A: <\/strong>Aitor Atxega<br \/><strong>6\u00ba CURSO B: <\/strong>Unai Mendizabal<\/p>\n<p>&nbsp;<\/p>\n<p>[\/et_pb_text][\/et_pb_column][\/et_pb_row][et_pb_row column_structure=\u00bb1_2,1_2&#8243; _builder_version=\u00bb4.16&#8243; background_size=\u00bbinitial\u00bb background_position=\u00bbtop_left\u00bb background_repeat=\u00bbrepeat\u00bb global_colors_info=\u00bb{}\u00bb][et_pb_column type=\u00bb1_2&#8243; _builder_version=\u00bb4.16&#8243; custom_padding=\u00bb|||\u00bb global_colors_info=\u00bb{}\u00bb custom_padding__hover=\u00bb|||\u00bb][et_pb_text admin_label=\u00bbESPECIALISTAS\u00bb _builder_version=\u00bb4.27.4&#8243; global_colors_info=\u00bb{}\u00bb]<\/p>\n<h3>ESPECIALISTAS<\/h3>\n<p><strong>\u00b7 M\u00daSICA:<\/strong> Sara Urkola<br \/><strong>\u00b7 EDUCACI\u00d3N F\u00cdSICA:<\/strong> Gorka Iturbe \/ Gari Asensio<br \/><strong> \u00b7 INGL\u00c9S:<\/strong> Arantxa Telletxea (LH) \/ Maite L\u00f3pez (HH + LH)<\/p>\n<div id=\"gtx-trans\" style=\"position: absolute; left: -30px; top: 137.516px;\">\n<div class=\"gtx-trans-icon\">\u00a0<\/div>\n<\/div>\n<p>[\/et_pb_text][\/et_pb_column][et_pb_column type=\u00bb1_2&#8243; _builder_version=\u00bb4.16&#8243; custom_padding=\u00bb|||\u00bb global_colors_info=\u00bb{}\u00bb custom_padding__hover=\u00bb|||\u00bb][et_pb_image src=\u00bbhttps:\/\/flemingeskola.eus\/wp-content\/uploads\/2025\/10\/Fleming_IrakaslegoaBerezilariak.jpg\u00bb alt=\u00bbFleming_IrakaslegoaBerezilariak\u00bb title_text=\u00bbFleming_IrakaslegoaBerezilariak\u00bb align_tablet=\u00bbcenter\u00bb align_phone=\u00bb\u00bb align_last_edited=\u00bbon|desktop\u00bb _builder_version=\u00bb4.27.4&#8243; border_width_all=\u00bb1px\u00bb border_color_all=\u00bb#029dbc\u00bb use_border_color=\u00bbon\u00bb locked=\u00bboff\u00bb global_colors_info=\u00bb{}\u00bb][\/et_pb_image][\/et_pb_column][\/et_pb_row][et_pb_row column_structure=\u00bb1_2,1_2&#8243; _builder_version=\u00bb4.16&#8243; background_size=\u00bbinitial\u00bb background_position=\u00bbtop_left\u00bb background_repeat=\u00bbrepeat\u00bb global_colors_info=\u00bb{}\u00bb][et_pb_column type=\u00bb1_2&#8243; _builder_version=\u00bb4.16&#8243; custom_padding=\u00bb|||\u00bb global_colors_info=\u00bb{}\u00bb custom_padding__hover=\u00bb|||\u00bb][et_pb_image src=\u00bbhttps:\/\/flemingeskola.eus\/wp-content\/uploads\/2025\/11\/Laguntza-taldea-scaled.jpg\u00bb alt=\u00bbLaguntza taldea\u00bb title_text=\u00bbLaguntza taldea\u00bb align_tablet=\u00bbcenter\u00bb align_phone=\u00bb\u00bb align_last_edited=\u00bbon|desktop\u00bb _builder_version=\u00bb4.27.4&#8243; hover_enabled=\u00bb0&#8243; border_width_all=\u00bb1px\u00bb border_color_all=\u00bb#029dbc\u00bb use_border_color=\u00bbon\u00bb locked=\u00bboff\u00bb global_colors_info=\u00bb{}\u00bb sticky_enabled=\u00bb0&#8243;][\/et_pb_image][\/et_pb_column][et_pb_column type=\u00bb1_2&#8243; _builder_version=\u00bb4.16&#8243; custom_padding=\u00bb|||\u00bb global_colors_info=\u00bb{}\u00bb custom_padding__hover=\u00bb|||\u00bb][et_pb_text admin_label=\u00bbEQUIPO DE APOYO\u00bb _builder_version=\u00bb4.27.4&#8243; global_colors_info=\u00bb{}\u00bb]<\/p>\n<h3>EQUIPO DE APOYO<\/h3>\n<p><strong>\u00b7 CONSULTORES:<\/strong> Garbi\u00f1e Elizalde \/ Olaia Fern\u00e1ndez<br \/><strong>\u00b7 PEDAGOG\u00cdA TERAP\u00daTICA (PT):<\/strong> Mirian V\u00e1zquez \/ Ainhoa Ziaurriz \/ Maddi Aguirreurreta<br \/><strong>\u00b7 LOGOPEDA (ALE):<\/strong> Arantxa Aranzasti<br \/><strong>\u00b7 EDUCADORAS:<\/strong> Leire Usabiaga \/ Edurne Yarza \/ M\u00aa Jes\u00fas Zabalegi<br \/><strong>\u00b7 HIPI (refuerzo de euskara):<\/strong> Maixa Aldasoro \/ I\u00f1igo Olano<\/p>\n<p>[\/et_pb_text][\/et_pb_column][\/et_pb_row][et_pb_row column_structure=\u00bb1_2,1_2&#8243; _builder_version=\u00bb4.16&#8243; background_size=\u00bbinitial\u00bb background_position=\u00bbtop_left\u00bb background_repeat=\u00bbrepeat\u00bb global_colors_info=\u00bb{}\u00bb][et_pb_column type=\u00bb1_2&#8243; _builder_version=\u00bb4.16&#8243; custom_padding=\u00bb|||\u00bb global_colors_info=\u00bb{}\u00bb custom_padding__hover=\u00bb|||\u00bb][et_pb_text admin_label=\u00bbSECRETAR\u00cdA\u00bb _builder_version=\u00bb4.27.4&#8243; global_colors_info=\u00bb{}\u00bb]<\/p>\n<h3>SECRETAR\u00cdA<\/h3>\n<p><strong>\u00b7 RESPONSABLE COMEDOR<\/strong><strong>:<\/strong> Xabi Lasa<br \/><strong>\u00b7 ADMINISTRATIVA: <\/strong>Nekane Pita<br \/><strong>\u00b7 RESPONSABLE METODOLOG\u00cdA:<\/strong> Maritxu Arostegi<\/p>\n<div id=\"gtx-trans\" style=\"position: absolute; left: -58px; top: 145.516px;\">\n<div class=\"gtx-trans-icon\">\u00a0<\/div>\n<\/div>\n<p>[\/et_pb_text][\/et_pb_column][et_pb_column type=\u00bb1_2&#8243; _builder_version=\u00bb4.16&#8243; custom_padding=\u00bb|||\u00bb global_colors_info=\u00bb{}\u00bb custom_padding__hover=\u00bb|||\u00bb][et_pb_image src=\u00bbhttps:\/\/flemingeskola.eus\/wp-content\/uploads\/2025\/10\/Fleming_IrakaslegoaIdazkaritza.jpg\u00bb alt=\u00bbFleming_IrakaslegoaIdazkaritza\u00bb title_text=\u00bbFleming_IrakaslegoaIdazkaritza\u00bb align_tablet=\u00bbcenter\u00bb align_phone=\u00bb\u00bb align_last_edited=\u00bbon|desktop\u00bb _builder_version=\u00bb4.27.4&#8243; border_width_all=\u00bb1px\u00bb border_color_all=\u00bb#029dbc\u00bb border_style_all=\u00bbsolid\u00bb use_border_color=\u00bbon\u00bb border_color=\u00bb#029dbc\u00bb always_center_on_mobile=\u00bbon\u00bb locked=\u00bboff\u00bb global_colors_info=\u00bb{}\u00bb][\/et_pb_image][\/et_pb_column][\/et_pb_row][\/et_pb_section]<\/p>\n","protected":false},"excerpt":{"rendered":"<p>EQUIPO DIRECCI\u00d3N \u00b7 DIRECTOR: Jes\u00fas Quesada\u00b7 JEFA DE ESTUDIOS: Josune Herrero\u00b7 SECRETARIA: Oihana L\u00f3pezEDUCACI\u00d3N INFANTIL 2 A\u00d1OS A: Bel\u00e9n Gim\u00e9nez \/ Maider Salaberria3 A\u00d1OS A: Ainhoa Etxeberria3 A\u00d1OS B: Maite Goikoetxea4 A\u00d1OS A: Mirian Cort\u00e9s4 A\u00d1OS B: Ainhoa Basauri5 A\u00d1OS A: Maitane Garaialde PROFESORADO DE APOYO Edurne Yarza \/ M\u00aa Jes\u00fas Zabalegi INGL\u00c9S Maite L\u00f3pez [&hellip;]<\/p>\n","protected":false},"author":1,"featured_media":0,"parent":0,"menu_order":0,"comment_status":"closed","ping_status":"closed","template":"","meta":{"_et_pb_use_builder":"on","_et_pb_old_content":"","_et_gb_content_width":"","footnotes":""},"class_list":["post-1693","page","type-page","status-publish","hentry"],"_links":{"self":[{"href":"https:\/\/flemingeskola.eus\/es\/wp-json\/wp\/v2\/pages\/1693","targetHints":{"allow":["GET"]}}],"collection":[{"href":"https:\/\/flemingeskola.eus\/es\/wp-json\/wp\/v2\/pages"}],"about":[{"href":"https:\/\/flemingeskola.eus\/es\/wp-json\/wp\/v2\/types\/page"}],"author":[{"embeddable":true,"href":"https:\/\/flemingeskola.eus\/es\/wp-json\/wp\/v2\/users\/1"}],"replies":[{"embeddable":true,"href":"https:\/\/flemingeskola.eus\/es\/wp-json\/wp\/v2\/comments?post=1693"}],"version-history":[{"count":56,"href":"https:\/\/flemingeskola.eus\/es\/wp-json\/wp\/v2\/pages\/1693\/revisions"}],"predecessor-version":[{"id":7255,"href":"https:\/\/flemingeskola.eus\/es\/wp-json\/wp\/v2\/pages\/1693\/revisions\/7255"}],"wp:attachment":[{"href":"https:\/\/flemingeskola.eus\/es\/wp-json\/wp\/v2\/media?parent=1693"}],"curies":[{"name":"wp","href":"https:\/\/api.w.org\/{rel}","templated":true}]}}