{"id":1690,"date":"2018-04-04T11:23:49","date_gmt":"2018-04-04T09:23:49","guid":{"rendered":"https:\/\/flemingeskola.eus\/?page_id=1690"},"modified":"2018-04-04T11:23:49","modified_gmt":"2018-04-04T09:23:49","slug":"apoyo-psicopedagogico","status":"publish","type":"page","link":"https:\/\/flemingeskola.eus\/es\/apoyo-psicopedagogico\/","title":{"rendered":"Apoyo psicopedag\u00f3gico"},"content":{"rendered":"<p>[et_pb_section bb_built=\u00bb1&#8243;][et_pb_row][et_pb_column type=\u00bb4_4&#8243;][et_pb_testimonial _builder_version=\u00bb3.0.84&#8243; url_new_window=\u00bboff\u00bb quote_icon=\u00bbon\u00bb use_background_color=\u00bbon\u00bb quote_icon_background_color=\u00bb#f5f5f5&#8243; background_layout=\u00bblight\u00bb text_orientation=\u00bbcenter\u00bb body_text_color=\u00bb#db0080&#8243; body_font=\u00bb||on||||||\u00bb body_font_size=\u00bb18&#8243; body_text_align=\u00bbcenter\u00bb]<\/p>\n<p>\u00abPara dar respuesta a las necesidades de todas las familias\u00bb<\/p>\n<p>[\/et_pb_testimonial][\/et_pb_column][\/et_pb_row][et_pb_row][et_pb_column type=\u00bb1_2&#8243;][et_pb_text _builder_version=\u00bb3.0.84&#8243; background_layout=\u00bblight\u00bb]<\/p>\n<h2>CONSULTORA<\/h2>\n<p><strong>OBSERVACIONES en E.I. y E.P.<\/strong><br \/>\nINTERVENCI\u00d3N: alumn@, familia, Berritzegune\u2026<br \/>\nORIENTACI\u00d3N: alumn@, familia, profesorado\u2026<br \/>\nCOLABORACI\u00d3N con alumnos y familias.<\/p>\n<h2>LOGOPEDIA (ALE)<\/h2>\n<p style=\"text-align: justify;\">Responder a las necesidades de desarrollo ling\u00fc\u00edstico del alumnado mediante la observaci\u00f3n, intervenci\u00f3n y seguimiento.<\/p>\n<p>[\/et_pb_text][\/et_pb_column][et_pb_column type=\u00bb1_2&#8243;][et_pb_text _builder_version=\u00bb3.0.84&#8243; background_layout=\u00bblight\u00bb]<\/p>\n<h2>REFUERZO LING\u00dc\u00cdSTICO (HIPI)<\/h2>\n<p style=\"text-align: justify;\">Programa de inmersi\u00f3n ling\u00fc\u00edstica y cultural dirigido a alumn@s inmigrantes.<\/p>\n<h2>PEDAGOG\u00cdA TERAPEUTICA (PT)<\/h2>\n<p style=\"text-align: justify;\">Atenci\u00f3n educativa directa para garantizar el desarrollo integral de l@s alumn@s con necesidades educativas especiales (NEE).<\/p>\n<p>[\/et_pb_text][\/et_pb_column][\/et_pb_row][et_pb_row][et_pb_column type=\u00bb1_4&#8243;][\/et_pb_column][et_pb_column type=\u00bb1_2&#8243;][et_pb_image _builder_version=\u00bb3.0.84&#8243; src=\u00bbhttps:\/\/flemingeskola.eus\/wp-content\/uploads\/2017\/12\/laguntza_taldea.jpg\u00bb show_in_lightbox=\u00bboff\u00bb url_new_window=\u00bboff\u00bb use_overlay=\u00bboff\u00bb always_center_on_mobile=\u00bbon\u00bb force_fullwidth=\u00bboff\u00bb show_bottom_space=\u00bbon\u00bb use_border_color=\u00bbon\u00bb border_color=\u00bb#029dbc\u00bb \/][\/et_pb_column][et_pb_column type=\u00bb1_4&#8243;][\/et_pb_column][\/et_pb_row][\/et_pb_section]<\/p>\n","protected":false},"excerpt":{"rendered":"<div class=\"et_pb_row et_pb_row_0 et_pb_row_empty\"><\/div>\n<p> \u00abPara dar respuesta a las necesidades de todas las familias\u00bb <\/p>\n<div class=\"et_pb_row et_pb_row_1 et_pb_row_empty\"><\/div>\n<p> CONSULTORA OBSERVACIONES en E.I. y E.P. INTERVENCI\u00d3N: alumn@, familia, Berritzegune\u2026 ORIENTACI\u00d3N: alumn@, familia, profesorado\u2026 COLABORACI\u00d3N con alumnos y familias. LOGOPEDIA (ALE) Responder a las necesidades de desarrollo ling\u00fc\u00edstico del alumnado mediante la observaci\u00f3n, intervenci\u00f3n y seguimiento. REFUERZO LING\u00dc\u00cdSTICO (HIPI) Programa de inmersi\u00f3n ling\u00fc\u00edstica [&hellip;]<\/p>\n","protected":false},"author":1,"featured_media":0,"parent":0,"menu_order":0,"comment_status":"closed","ping_status":"closed","template":"","meta":{"_et_pb_use_builder":"on","_et_pb_old_content":"","_et_gb_content_width":"","footnotes":""},"class_list":["post-1690","page","type-page","status-publish","hentry"],"_links":{"self":[{"href":"https:\/\/flemingeskola.eus\/es\/wp-json\/wp\/v2\/pages\/1690","targetHints":{"allow":["GET"]}}],"collection":[{"href":"https:\/\/flemingeskola.eus\/es\/wp-json\/wp\/v2\/pages"}],"about":[{"href":"https:\/\/flemingeskola.eus\/es\/wp-json\/wp\/v2\/types\/page"}],"author":[{"embeddable":true,"href":"https:\/\/flemingeskola.eus\/es\/wp-json\/wp\/v2\/users\/1"}],"replies":[{"embeddable":true,"href":"https:\/\/flemingeskola.eus\/es\/wp-json\/wp\/v2\/comments?post=1690"}],"version-history":[{"count":1,"href":"https:\/\/flemingeskola.eus\/es\/wp-json\/wp\/v2\/pages\/1690\/revisions"}],"predecessor-version":[{"id":1691,"href":"https:\/\/flemingeskola.eus\/es\/wp-json\/wp\/v2\/pages\/1690\/revisions\/1691"}],"wp:attachment":[{"href":"https:\/\/flemingeskola.eus\/es\/wp-json\/wp\/v2\/media?parent=1690"}],"curies":[{"name":"wp","href":"https:\/\/api.w.org\/{rel}","templated":true}]}}