{"id":1681,"date":"2018-04-04T11:06:59","date_gmt":"2018-04-04T09:06:59","guid":{"rendered":"https:\/\/flemingeskola.eus\/?page_id=1681"},"modified":"2018-04-04T11:16:19","modified_gmt":"2018-04-04T09:16:19","slug":"lehen-hezkuntza","status":"publish","type":"page","link":"https:\/\/flemingeskola.eus\/es\/lehen-hezkuntza\/","title":{"rendered":"Educaci\u00f3n Primaria"},"content":{"rendered":"<p>[et_pb_section bb_built=\u00bb1&#8243;][et_pb_row][et_pb_column type=\u00bb4_4&#8243;][et_pb_text _builder_version=\u00bb3.0.84&#8243; background_layout=\u00bblight\u00bb]<\/p>\n<h2>&nbsp;<strong>Arratzain (6-11 a\u00f1os)<\/strong><\/h2>\n<p>[\/et_pb_text][et_pb_testimonial _builder_version=\u00bb3.0.84&#8243; url_new_window=\u00bboff\u00bb quote_icon=\u00bbon\u00bb use_background_color=\u00bbon\u00bb quote_icon_background_color=\u00bb#f5f5f5&#8243; background_layout=\u00bblight\u00bb text_orientation=\u00bbcenter\u00bb body_font_size=\u00bb18&#8243; body_text_color=\u00bb#db0080&#8243;]<\/p>\n<p style=\"text-align: center;\"><em>\u201cConstruyendo el futuro\u201d <\/em><\/p>\n<p style=\"text-align: center;\"><em>\u201cNuestro objetivo es el desarrollo integral del ni\u00f1o\/a a trav\u00e9s de las competencias\u201d <\/em><\/p>\n<p>[\/et_pb_testimonial][et_pb_text _builder_version=\u00bb3.0.84&#8243; background_layout=\u00bblight\u00bb]<\/p>\n<p style=\"text-align: justify;\">Hacemos de puente entre la Educaci\u00f3n Infantil y la Educaci\u00f3n Primaria y, a su vez, vamos afianzando las bases de la Educaci\u00f3n Primaria propiamente dicha.<br \/>\nEn este salto de la infancia a la pre-adolescencia, partiremos desde la cultura vasca para ir ampliando nuestro camino hacia una cultura m\u00e1s universal.<\/p>\n<p>[\/et_pb_text][\/et_pb_column][\/et_pb_row][et_pb_row][et_pb_column type=\u00bb1_2&#8243;][et_pb_text _builder_version=\u00bb3.0.84&#8243; background_layout=\u00bblight\u00bb text_orientation=\u00bbjustified\u00bb]<\/p>\n<h2>APRENDIZAJE SIGNIFICATIVO<\/h2>\n<p>Ofrecemos <strong>un aprendizaje significativo<\/strong> con el objetivo de formar<strong> alumnos\/as activos\/as<\/strong>. A medida que vaya interiorizando los distintos conocimientos, estos ser\u00e1n transferidos e integrados <strong>en situaciones conocidas, demostrando<\/strong> as\u00ed que <strong>es competente<\/strong>.<\/p>\n<p>[\/et_pb_text][\/et_pb_column][et_pb_column type=\u00bb1_2&#8243;][et_pb_image _builder_version=\u00bb3.0.84&#8243; src=\u00bbhttps:\/\/flemingeskola.eus\/wp-content\/uploads\/2017\/12\/LH_Argazkia1.jpg\u00bb show_in_lightbox=\u00bboff\u00bb url_new_window=\u00bboff\u00bb use_overlay=\u00bboff\u00bb always_center_on_mobile=\u00bbon\u00bb force_fullwidth=\u00bboff\u00bb show_bottom_space=\u00bbon\u00bb use_border_color=\u00bbon\u00bb border_color=\u00bb#029dbc\u00bb \/][\/et_pb_column][\/et_pb_row][et_pb_row][et_pb_column type=\u00bb1_2&#8243;][et_pb_image _builder_version=\u00bb3.0.84&#8243; src=\u00bbhttps:\/\/flemingeskola.eus\/wp-content\/uploads\/2018\/01\/LH_Euskara.jpg\u00bb show_in_lightbox=\u00bboff\u00bb url_new_window=\u00bboff\u00bb use_overlay=\u00bboff\u00bb always_center_on_mobile=\u00bbon\u00bb force_fullwidth=\u00bboff\u00bb show_bottom_space=\u00bbon\u00bb use_border_color=\u00bbon\u00bb border_color=\u00bb#029dbc\u00bb \/][\/et_pb_column][et_pb_column type=\u00bb1_2&#8243;][et_pb_text _builder_version=\u00bb3.0.84&#8243; background_layout=\u00bblight\u00bb text_orientation=\u00bbjustified\u00bb]<\/p>\n<h2>LA LENGUA VASCA COMO LENGUA DE TRANSMISI\u00d3N<\/h2>\n<p>Partiendo de la <strong>lengua vasca<\/strong> como lengua de transmisi\u00f3n en el proceso de aprendizaje, trabajamos tambi\u00e9n el castellano y el ingl\u00e9s, dando continuidad a lo aprendido en Educaci\u00f3n Infantil.<\/p>\n<p><strong>Partimos de un entorno cercano al alumno\/a<\/strong>, trabajando temas que son significativos para \u00e9l\/ella. El alumno\/a, conseguir\u00e1 las habilidades necesarias para poder hacer frente tanto a las competencias (b\u00e1sicas y disciplinares) como a las distintas situaciones de la vida personal y social.<\/p>\n<p>[\/et_pb_text][\/et_pb_column][\/et_pb_row][et_pb_row][et_pb_column type=\u00bb1_2&#8243;][et_pb_text _builder_version=\u00bb3.0.84&#8243; background_layout=\u00bblight\u00bb text_orientation=\u00bbjustified\u00bb]<\/p>\n<h2>NUEVAS TECNOLOG\u00cdAS EN LA ESCUELA<\/h2>\n<p>Introducimos las <strong>nuevas tecnolog\u00edas<\/strong> en la vida escolar, habilitando diferentes espacios y recursos para ello.<\/p>\n<p style=\"text-align: justify;\">Potenciamos los h\u00e1bitos de trabajo, las habilidades personales, la inteligencia emocional (autonom\u00eda, convivencia\u2026) y la concienciaci\u00f3n ante la lengua vasca.<\/p>\n<p style=\"text-align: justify;\">Promovemos la <strong>motivaci\u00f3n<\/strong> cont\u00ednua.<\/p>\n<p>[\/et_pb_text][\/et_pb_column][et_pb_column type=\u00bb1_2&#8243;][et_pb_image _builder_version=\u00bb3.0.84&#8243; src=\u00bbhttps:\/\/flemingeskola.eus\/wp-content\/uploads\/2017\/12\/LH_Argazkia4.jpg\u00bb show_in_lightbox=\u00bboff\u00bb url_new_window=\u00bboff\u00bb use_overlay=\u00bboff\u00bb always_center_on_mobile=\u00bbon\u00bb force_fullwidth=\u00bboff\u00bb show_bottom_space=\u00bbon\u00bb use_border_color=\u00bbon\u00bb border_color=\u00bb#029dbc\u00bb \/][\/et_pb_column][\/et_pb_row][et_pb_row][et_pb_column type=\u00bb1_2&#8243;][et_pb_image _builder_version=\u00bb3.0.84&#8243; src=\u00bbhttps:\/\/flemingeskola.eus\/wp-content\/uploads\/2017\/12\/LH_Argazkia5.jpg\u00bb show_in_lightbox=\u00bboff\u00bb url_new_window=\u00bboff\u00bb use_overlay=\u00bboff\u00bb always_center_on_mobile=\u00bbon\u00bb force_fullwidth=\u00bboff\u00bb show_bottom_space=\u00bbon\u00bb use_border_color=\u00bbon\u00bb border_color=\u00bb#029dbc\u00bb \/][\/et_pb_column][et_pb_column type=\u00bb1_2&#8243;][et_pb_text _builder_version=\u00bb3.0.84&#8243; background_layout=\u00bblight\u00bb text_orientation=\u00bbjustified\u00bb]<\/p>\n<h2>PLURALIDAD Y TRABAJO COMPARTIDO<\/h2>\n<p>Valoramos la <strong>pluralidad<\/strong> y estamos<strong> comprometidos con una educaci\u00f3n basada en valores y actitudes<\/strong>. Para nosotros es totalmente necesario mostrar al alumnado los caminos que llevan a la madurez y la autonom\u00eda; para ello, recibir\u00e1n una educaci\u00f3n basada en la responsabilidad, la justicia, la tolerancia y la creatividad.<\/p>\n<p>Potenciamos actitudes de <strong>participaci\u00f3n y cooperaci\u00f3n<\/strong> (\u201cAprendemos para cooperar; cooperamos para aprender\u201d)<\/p>\n<p>&nbsp;<\/p>\n<p>[\/et_pb_text][\/et_pb_column][\/et_pb_row][et_pb_row _builder_version=\u00bb3.0.84&#8243;][et_pb_column type=\u00bb1_2&#8243;][et_pb_text _builder_version=\u00bb3.0.84&#8243; background_layout=\u00bblight\u00bb text_orientation=\u00bbjustified\u00bb]<\/p>\n<h2>EDUCACI\u00d3N ART\u00cdSTICA<\/h2>\n<p>Fomentamos la <strong>Educaci\u00f3n Art\u00edstica<\/strong>, ense\u00f1ando una asignatura que da opci\u00f3n a desarrollar la creatividad, la imaginaci\u00f3n, la autonom\u00eda, la percepci\u00f3n y el movimiento, el sentido est\u00e9tico, la expresi\u00f3n personal, el pensamiento cualitativo, la inteligencia emocional, la comunicaci\u00f3n y la capacidad de socializaci\u00f3n.<\/p>\n<p>[\/et_pb_text][\/et_pb_column][et_pb_column type=\u00bb1_2&#8243;][et_pb_image _builder_version=\u00bb3.0.84&#8243; src=\u00bbhttps:\/\/flemingeskola.eus\/wp-content\/uploads\/2018\/01\/LH_Artelanak.jpg\u00bb show_in_lightbox=\u00bboff\u00bb url_new_window=\u00bboff\u00bb use_overlay=\u00bboff\u00bb always_center_on_mobile=\u00bbon\u00bb force_fullwidth=\u00bboff\u00bb show_bottom_space=\u00bbon\u00bb use_border_color=\u00bbon\u00bb border_color=\u00bb#029dbc\u00bb \/][\/et_pb_column][\/et_pb_row][et_pb_row][et_pb_column type=\u00bb1_2&#8243;][et_pb_image _builder_version=\u00bb3.0.84&#8243; src=\u00bbhttps:\/\/flemingeskola.eus\/wp-content\/uploads\/2017\/12\/LH_Argazkia3.jpg\u00bb show_in_lightbox=\u00bboff\u00bb url_new_window=\u00bboff\u00bb use_overlay=\u00bboff\u00bb always_center_on_mobile=\u00bbon\u00bb force_fullwidth=\u00bboff\u00bb show_bottom_space=\u00bbon\u00bb use_border_color=\u00bbon\u00bb border_color=\u00bb#029dbc\u00bb \/][\/et_pb_column][et_pb_column type=\u00bb1_2&#8243;][et_pb_text _builder_version=\u00bb3.0.84&#8243; background_layout=\u00bblight\u00bb text_orientation=\u00bbjustified\u00bb]<\/p>\n<h2>ENTORNO<\/h2>\n<p style=\"text-align: justify;\">Tenemos como misi\u00f3n que los alumnos\/as se sensibilicen y tomen conciencia de los problemas relativos al medio ambiente. Para ello, animaremos a nuestros alumnos\/as a conseguir una escuela sostenible, a trav\u00e9s de una educaci\u00f3n medioambiental provechosa.<\/p>\n<p>[\/et_pb_text][\/et_pb_column][\/et_pb_row][\/et_pb_section]<\/p>\n","protected":false},"excerpt":{"rendered":"<div class=\"et_pb_row et_pb_row_0 et_pb_row_empty\"><\/div>\n<p> &nbsp;Arratzain (6-11 a\u00f1os) \u201cConstruyendo el futuro\u201d \u201cNuestro objetivo es el desarrollo integral del ni\u00f1o\/a a trav\u00e9s de las competencias\u201d Hacemos de puente entre la Educaci\u00f3n Infantil y la Educaci\u00f3n Primaria y, a su vez, vamos afianzando las bases de la Educaci\u00f3n Primaria propiamente dicha. En este salto de la infancia a la pre-adolescencia, partiremos [&hellip;]<\/p>\n","protected":false},"author":1,"featured_media":0,"parent":0,"menu_order":0,"comment_status":"closed","ping_status":"closed","template":"","meta":{"_et_pb_use_builder":"on","_et_pb_old_content":"","_et_gb_content_width":"","footnotes":""},"class_list":["post-1681","page","type-page","status-publish","hentry"],"_links":{"self":[{"href":"https:\/\/flemingeskola.eus\/es\/wp-json\/wp\/v2\/pages\/1681","targetHints":{"allow":["GET"]}}],"collection":[{"href":"https:\/\/flemingeskola.eus\/es\/wp-json\/wp\/v2\/pages"}],"about":[{"href":"https:\/\/flemingeskola.eus\/es\/wp-json\/wp\/v2\/types\/page"}],"author":[{"embeddable":true,"href":"https:\/\/flemingeskola.eus\/es\/wp-json\/wp\/v2\/users\/1"}],"replies":[{"embeddable":true,"href":"https:\/\/flemingeskola.eus\/es\/wp-json\/wp\/v2\/comments?post=1681"}],"version-history":[{"count":5,"href":"https:\/\/flemingeskola.eus\/es\/wp-json\/wp\/v2\/pages\/1681\/revisions"}],"predecessor-version":[{"id":1684,"href":"https:\/\/flemingeskola.eus\/es\/wp-json\/wp\/v2\/pages\/1681\/revisions\/1684"}],"wp:attachment":[{"href":"https:\/\/flemingeskola.eus\/es\/wp-json\/wp\/v2\/media?parent=1681"}],"curies":[{"name":"wp","href":"https:\/\/api.w.org\/{rel}","templated":true}]}}