{"id":1674,"date":"2018-04-04T10:44:51","date_gmt":"2018-04-04T08:44:51","guid":{"rendered":"https:\/\/flemingeskola.eus\/?page_id=1674"},"modified":"2018-04-04T10:44:51","modified_gmt":"2018-04-04T08:44:51","slug":"nuestra-escuela","status":"publish","type":"page","link":"https:\/\/flemingeskola.eus\/es\/nuestra-escuela\/","title":{"rendered":"Nuestra escuela"},"content":{"rendered":"<p>[et_pb_section bb_built=\u00bb1&#8243;][et_pb_row][et_pb_column type=\u00bb4_4&#8243;][et_pb_text _builder_version=\u00bb3.0.84&#8243; background_layout=\u00bblight\u00bb]<\/p>\n<h2>\u201cLo nuestro es otra historia\u201d<\/h2>\n<p style=\"text-align: justify;\">Alexander Fleming naci\u00f3 en Escocia (East Ayrshire) en el a\u00f1o 1881 y muri\u00f3 en Londres en 1955.<br \/>\nFue un cient\u00edfico famoso por su descubrimiento de la penicilina en 1928.<br \/>\nEn aquella \u00e9poca, Alexander Fleming estaba llevando a cabo unos experimentos en el laboratorio. Fue toda una coincidencia que Fleming se marchara de vacaciones dejando olvidadas las placas donde ten\u00eda los cultivos Petri y cuando volviera se encontrara que se hab\u00eda dado la cr\u00eda de un hongo en estas placas: la penicilina.<\/p>\n<p>[\/et_pb_text][\/et_pb_column][\/et_pb_row][et_pb_row][et_pb_column type=\u00bb1_3&#8243;][et_pb_image _builder_version=\u00bb3.0.84&#8243; src=\u00bbhttps:\/\/flemingeskola.eus\/wp-content\/uploads\/2017\/12\/Dr.Fleming.jpg\u00bb show_in_lightbox=\u00bboff\u00bb url_new_window=\u00bboff\u00bb use_overlay=\u00bboff\u00bb always_center_on_mobile=\u00bbon\u00bb force_fullwidth=\u00bboff\u00bb show_bottom_space=\u00bbon\u00bb align=\u00bbcenter\u00bb title_text=\u00bbDR.FLEMING\u00bb use_border_color=\u00bbon\u00bb border_color=\u00bb#029dbc\u00bb \/][et_pb_text _builder_version=\u00bb3.0.84&#8243; background_layout=\u00bblight\u00bb]<\/p>\n<p style=\"text-align: left; font-size: 11px;\">Alexander Fleming<\/p>\n<p>[\/et_pb_text][\/et_pb_column][et_pb_column type=\u00bb1_3&#8243;][\/et_pb_column][et_pb_column type=\u00bb1_3&#8243;][et_pb_image _builder_version=\u00bb3.0.84&#8243; src=\u00bbhttps:\/\/flemingeskola.eus\/wp-content\/uploads\/2017\/12\/homenaje-a-fleming.jpg\u00bb show_in_lightbox=\u00bboff\u00bb url_new_window=\u00bboff\u00bb use_overlay=\u00bboff\u00bb always_center_on_mobile=\u00bbon\u00bb force_fullwidth=\u00bboff\u00bb show_bottom_space=\u00bbon\u00bb align=\u00bbright\u00bb use_border_color=\u00bbon\u00bb border_color=\u00bb#029dbc\u00bb \/][et_pb_text _builder_version=\u00bb3.0.84&#8243; background_layout=\u00bblight\u00bb]<\/p>\n<p style=\"text-align: right; font-size: 11px;\">Escultura de Txillida en homenaje a A. Fleming<\/p>\n<p>[\/et_pb_text][\/et_pb_column][\/et_pb_row][\/et_pb_section]<\/p>\n","protected":false},"excerpt":{"rendered":"<div class=\"et_pb_row et_pb_row_0 et_pb_row_empty\"><\/div>\n<p> \u201cLo nuestro es otra historia\u201d Alexander Fleming naci\u00f3 en Escocia (East Ayrshire) en el a\u00f1o 1881 y muri\u00f3 en Londres en 1955. Fue un cient\u00edfico famoso por su descubrimiento de la penicilina en 1928. En aquella \u00e9poca, Alexander Fleming estaba llevando a cabo unos experimentos en el laboratorio. Fue toda una coincidencia que Fleming [&hellip;]<\/p>\n","protected":false},"author":1,"featured_media":0,"parent":0,"menu_order":0,"comment_status":"closed","ping_status":"closed","template":"","meta":{"_et_pb_use_builder":"on","_et_pb_old_content":"","_et_gb_content_width":"","footnotes":""},"class_list":["post-1674","page","type-page","status-publish","hentry"],"_links":{"self":[{"href":"https:\/\/flemingeskola.eus\/es\/wp-json\/wp\/v2\/pages\/1674","targetHints":{"allow":["GET"]}}],"collection":[{"href":"https:\/\/flemingeskola.eus\/es\/wp-json\/wp\/v2\/pages"}],"about":[{"href":"https:\/\/flemingeskola.eus\/es\/wp-json\/wp\/v2\/types\/page"}],"author":[{"embeddable":true,"href":"https:\/\/flemingeskola.eus\/es\/wp-json\/wp\/v2\/users\/1"}],"replies":[{"embeddable":true,"href":"https:\/\/flemingeskola.eus\/es\/wp-json\/wp\/v2\/comments?post=1674"}],"version-history":[{"count":1,"href":"https:\/\/flemingeskola.eus\/es\/wp-json\/wp\/v2\/pages\/1674\/revisions"}],"predecessor-version":[{"id":1675,"href":"https:\/\/flemingeskola.eus\/es\/wp-json\/wp\/v2\/pages\/1674\/revisions\/1675"}],"wp:attachment":[{"href":"https:\/\/flemingeskola.eus\/es\/wp-json\/wp\/v2\/media?parent=1674"}],"curies":[{"name":"wp","href":"https:\/\/api.w.org\/{rel}","templated":true}]}}