{"id":1656,"date":"2018-04-04T10:08:42","date_gmt":"2018-04-04T08:08:42","guid":{"rendered":"https:\/\/flemingeskola.eus\/?page_id=1656"},"modified":"2019-01-03T13:48:01","modified_gmt":"2019-01-03T12:48:01","slug":"nuestra-identidad","status":"publish","type":"page","link":"https:\/\/flemingeskola.eus\/es\/nuestra-identidad\/","title":{"rendered":"Nuestra identidad"},"content":{"rendered":"<p>[et_pb_section bb_built=\u00bb1&#8243; _builder_version=\u00bb3.0.47&#8243;][et_pb_row _builder_version=\u00bb3.0.84&#8243; background_size=\u00bbinitial\u00bb background_position=\u00bbtop_left\u00bb background_repeat=\u00bbrepeat\u00bb custom_margin=\u00bb||0px|\u00bb custom_padding=\u00bb||0px|\u00bb padding_bottom_1=\u00bb0px\u00bb][et_pb_column type=\u00bb4_4&#8243;][et_pb_text _builder_version=\u00bb3.0.84&#8243; background_layout=\u00bblight\u00bb]<\/p>\n<h2><em>\u201cEscuela de tod@s y para tod@s, sin distinciones y de calidad\u201d<\/em><\/h2>\n<p style=\"text-align: justify;\">\u2022 <strong> <span style=\"color: grey;\">Somos euskaldunes.<\/span> <\/strong> Diversos, procedemos de diferentes lugares, pero el euskera es nuestro idioma, el que nos realza como comunidad.<br \/>\n\u2022 <span style=\"color: #029dbc;\"><strong>Ense\u00f1anza p\u00fablica e integradora. <\/strong>.<\/span> Escuela abierta a tod@s, sin preferencias, y de calidad. Capaz de dar respuesta a todas las necesidades de nuestros alumn@s.<br \/>\n\u2022 <span style=\"color: #f6d200;\"><strong>Metodolog\u00eda activa y cooperativa.<\/strong>.<\/span> Nuestr@s alumn@s crecen libres y son los verdaderos protagonistas de su educaci\u00f3n. Potenciamos la autonom\u00eda, la alegria, la experimentaci\u00f3n y el trabajo en equipo.<\/p>\n<p>[\/et_pb_text][\/et_pb_column][\/et_pb_row][et_pb_row _builder_version=\u00bb3.0.84&#8243; background_size=\u00bbinitial\u00bb background_position=\u00bbtop_left\u00bb background_repeat=\u00bbrepeat\u00bb custom_margin=\u00bb0px||0px|\u00bb custom_padding=\u00bb0px||0px|\u00bb][et_pb_column type=\u00bb2_3&#8243;][et_pb_text _builder_version=\u00bb3.0.84&#8243; background_layout=\u00bblight\u00bb]<\/p>\n<p style=\"text-align: justify;\">\u2022 <span style=\"color: #e3007b;\"><strong>Escuela de tod@s y para tod@s, p\u00fablica y de calidad.<\/strong> <\/span>Somos promotores del desarrollo integral de la persona, de forma colectiva e individual<\/p>\n<p>[\/et_pb_text][\/et_pb_column][et_pb_column type=\u00bb1_3&#8243;][et_pb_image _builder_version=\u00bb3.0.84&#8243; src=\u00bbhttps:\/\/flemingeskola.eus\/wp-content\/uploads\/2017\/12\/Denok-berdinak-gara_Fleming.jpg\u00bb show_in_lightbox=\u00bboff\u00bb url_new_window=\u00bboff\u00bb use_overlay=\u00bboff\u00bb align=\u00bbcenter\u00bb always_center_on_mobile=\u00bbon\u00bb use_border_color=\u00bbon\u00bb border_color=\u00bb#029dbc\u00bb force_fullwidth=\u00bboff\u00bb show_bottom_space=\u00bbon\u00bb custom_margin=\u00bb0px||0px|\u00bb custom_padding=\u00bb0px||0px|\u00bb \/][\/et_pb_column][\/et_pb_row][et_pb_row _builder_version=\u00bb3.0.84&#8243; background_size=\u00bbinitial\u00bb background_position=\u00bbtop_left\u00bb background_repeat=\u00bbrepeat\u00bb custom_margin=\u00bb0px||0px|\u00bb custom_padding=\u00bb0px||0px|\u00bb padding_top_1=\u00bb0px\u00bb padding_bottom_1=\u00bb0px\u00bb][et_pb_column type=\u00bb4_4&#8243;][et_pb_text _builder_version=\u00bb3.0.84&#8243; background_layout=\u00bblight\u00bb]<\/p>\n<p style=\"text-align: justify;\">\u2022 <span style=\"color: #99cf15;\"><strong>Trabajamos la interculturalidad y la convivencia.<\/strong>.<\/span> Potenciamos estrategias para convivir, respetar y conocer otras culturas. Nuestras referencias son la igualdad entre los hombres y las mujeres, los derechos humanos y la convivencia democr\u00e1tica.<br \/>\n\u2022 <strong><span style=\"color: grey;\">Los derechos humanos, la igualdad entre hombres y mujeres <\/span><\/strong>y los principios democr\u00e1ticos de convivencia son nuestra referencia.<br \/>\n\u2022 <span style=\"color: #029dbc;\"><strong>Impulsamos la defensa del Medio Ambiente y la Salud.<\/strong>.<\/span> Impulsamos de manera activa h\u00e1bitos saludables, trabajar en un entorno sostenible y disfrutar de un tiempo libre activo.<\/p>\n<p>&nbsp;<\/p>\n<h2 style=\"text-align: center;\"><em><strong>\u201cQueremos vivir en euskara en la escuela y la calle\u201d<\/strong><\/em><\/h2>\n<p>[\/et_pb_text][\/et_pb_column][\/et_pb_row][et_pb_row _builder_version=\u00bb3.0.47&#8243; background_size=\u00bbinitial\u00bb background_position=\u00bbtop_left\u00bb background_repeat=\u00bbrepeat\u00bb][et_pb_column type=\u00bb1_3&#8243;][\/et_pb_column][et_pb_column type=\u00bb1_3&#8243;][et_pb_image src=\u00bbhttps:\/\/flemingeskola.eus\/wp-content\/uploads\/2018\/01\/cropped-flemiglogo_app.jpg\u00bb _builder_version=\u00bb3.0.84&#8243; show_in_lightbox=\u00bboff\u00bb url_new_window=\u00bboff\u00bb use_overlay=\u00bboff\u00bb always_center_on_mobile=\u00bbon\u00bb force_fullwidth=\u00bboff\u00bb max_width=\u00bb80%\u00bb show_bottom_space=\u00bbon\u00bb \/][\/et_pb_column][et_pb_column type=\u00bb1_3&#8243;][\/et_pb_column][\/et_pb_row][\/et_pb_section]<\/p>\n","protected":false},"excerpt":{"rendered":"<p>\u201cEscuela de tod@s y para tod@s, sin distinciones y de calidad\u201d \u2022 Somos euskaldunes. Diversos, procedemos de diferentes lugares, pero el euskera es nuestro idioma, el que nos realza como comunidad. \u2022 Ense\u00f1anza p\u00fablica e integradora. . Escuela abierta a tod@s, sin preferencias, y de calidad. Capaz de dar respuesta a todas las necesidades de [&hellip;]<\/p>\n","protected":false},"author":1,"featured_media":0,"parent":0,"menu_order":0,"comment_status":"closed","ping_status":"closed","template":"","meta":{"_et_pb_use_builder":"on","_et_pb_old_content":"","_et_gb_content_width":"","footnotes":""},"class_list":["post-1656","page","type-page","status-publish","hentry"],"_links":{"self":[{"href":"https:\/\/flemingeskola.eus\/es\/wp-json\/wp\/v2\/pages\/1656","targetHints":{"allow":["GET"]}}],"collection":[{"href":"https:\/\/flemingeskola.eus\/es\/wp-json\/wp\/v2\/pages"}],"about":[{"href":"https:\/\/flemingeskola.eus\/es\/wp-json\/wp\/v2\/types\/page"}],"author":[{"embeddable":true,"href":"https:\/\/flemingeskola.eus\/es\/wp-json\/wp\/v2\/users\/1"}],"replies":[{"embeddable":true,"href":"https:\/\/flemingeskola.eus\/es\/wp-json\/wp\/v2\/comments?post=1656"}],"version-history":[{"count":5,"href":"https:\/\/flemingeskola.eus\/es\/wp-json\/wp\/v2\/pages\/1656\/revisions"}],"predecessor-version":[{"id":2513,"href":"https:\/\/flemingeskola.eus\/es\/wp-json\/wp\/v2\/pages\/1656\/revisions\/2513"}],"wp:attachment":[{"href":"https:\/\/flemingeskola.eus\/es\/wp-json\/wp\/v2\/media?parent=1656"}],"curies":[{"name":"wp","href":"https:\/\/api.w.org\/{rel}","templated":true}]}}